{"id":28056,"date":"2023-09-12T08:47:08","date_gmt":"2023-09-12T13:47:08","guid":{"rendered":"https:\/\/clickconexion.com\/affiliate-login-3\/"},"modified":"2023-09-14T13:03:34","modified_gmt":"2023-09-14T18:03:34","slug":"affiliate-login","status":"publish","type":"page","link":"https:\/\/clickconexion.com\/en\/affiliate-login\/","title":{"rendered":"Affiliate Login"},"content":{"rendered":"<div class=\"wc_ppp_paywall wc_ppp_paywall_28056\"><h1>WHAT IS THE REFERRAL PLAN?<\/h1>\n<p>The Referrals option provides 10% earnings for each person you refer to our courses, you earn both for the membership and for the course that is sold.<\/p>\n<p>Earn permanently by referring our training programs to the most influential careers on the market and in the world today. You win by sharing and disseminating information, with just one Click. It&#039;s that easy!<\/p>\n<p>Come and become an ally of our team, working with us and spreading the programs that you like the most. And you will earn for each valid registration and membership, don&#039;t miss the opportunity to be part of our team.<\/p>\n<div class=\"woocommerce columns-4\">\n<ul class=\"stm-courses row list-unstyled\">\n<li class=\"col-md-4 col-sm-4 col-xs-6 course-col product type-product post-27920 status-publish first instock product_cat-afiliados product_tag-afiliado product_tag-ganancias product_tag-miembro product_tag-socio has-post-thumbnail sale sold-individually purchasable product-type-simple\">\n<div class=\"product__inner\">\n<p>\t\t\t<a href=\"https:\/\/clickconexion.com\/en\/shop\/afiliados\/plan-referidos\/\" class=\"woocommerce-LoopProduct-link woocommerce-loop-product__link\"><br \/>\n\t<span class=\"onsale\" data-no-translation=\"\" data-trp-gettext=\"\">Sale!<\/span><br \/>\n\t<img width=\"1024\" height=\"1024\" src=\"https:\/\/clickconexion.com\/wp-content\/uploads\/2023\/08\/5149654-1024x1024.jpg\" class=\"attachment-large size-large\" alt=\"Plan Referidos\" srcset=\"https:\/\/clickconexion.com\/wp-content\/uploads\/2023\/08\/5149654-1024x1024.jpg 1024w, https:\/\/clickconexion.com\/wp-content\/uploads\/2023\/08\/5149654-300x300.jpg 300w, https:\/\/clickconexion.com\/wp-content\/uploads\/2023\/08\/5149654-150x150.jpg 150w, https:\/\/clickconexion.com\/wp-content\/uploads\/2023\/08\/5149654-768x768.jpg 768w, https:\/\/clickconexion.com\/wp-content\/uploads\/2023\/08\/5149654-1536x1536.jpg 1536w, https:\/\/clickconexion.com\/wp-content\/uploads\/2023\/08\/5149654-12x12.jpg 12w, https:\/\/clickconexion.com\/wp-content\/uploads\/2023\/08\/5149654-75x75.jpg 75w, https:\/\/clickconexion.com\/wp-content\/uploads\/2023\/08\/5149654-129x129.jpg 129w, https:\/\/clickconexion.com\/wp-content\/uploads\/2023\/08\/5149654-69x69.jpg 69w, https:\/\/clickconexion.com\/wp-content\/uploads\/2023\/08\/5149654-1320x1320.jpg 1320w, https:\/\/clickconexion.com\/wp-content\/uploads\/2023\/08\/5149654-600x600.jpg 600w, https:\/\/clickconexion.com\/wp-content\/uploads\/2023\/08\/5149654-100x100.jpg 100w, https:\/\/clickconexion.com\/wp-content\/uploads\/2023\/08\/5149654-1999x1999.jpg 1999w, https:\/\/clickconexion.com\/wp-content\/uploads\/2023\/08\/5149654.jpg 2000w\" sizes=\"(max-width: 1024px) 100vw, 1024px\" \/><\/p>\n<h2 class=\"woocommerce-loop-product__title\">Referral Plan<\/h2>\n<p>\t<span class=\"price\"><del aria-hidden=\"true\"><span class=\"woocommerce-Price-amount amount\"><bdi><span class=\"woocommerce-Price-currencySymbol\">&#36;<\/span>99.00<\/bdi><\/span><\/del> <span class=\"screen-reader-text\" data-no-translation=\"\" data-trp-gettext=\"\">Original price was: &#036;99.00.<\/span><ins aria-hidden=\"true\"><span class=\"woocommerce-Price-amount amount\"><bdi><span class=\"woocommerce-Price-currencySymbol\">&#36;<\/span>50.00<\/bdi><\/span><\/ins><span class=\"screen-reader-text\" data-no-translation=\"\" data-trp-gettext=\"\">Current price is: &#036;50.00.<\/span><\/span><br \/>\n<\/a><a href=\"\/en\/wp-json\/wp\/v2\/pages\/28056?add-to-cart=27920\" aria-describedby=\"woocommerce_loop_add_to_cart_link_describedby_27920\" data-quantity=\"1\" class=\"button product_type_simple add_to_cart_button ajax_add_to_cart\" data-product_id=\"27920\" data-product_sku=\"\" aria-label=\"Add to cart: \u201cPlan Referidos\u201d\" rel=\"nofollow\" data-success_message=\"\u201cPlan Referidos\u201d has been added to your cart\" data-no-translation=\"\" data-trp-gettext=\"\" data-no-translation-aria-label=\"\" data-no-translation-data-success_message=\"\">Add to cart<\/a>\t<span id=\"woocommerce_loop_add_to_cart_link_describedby_27920\" class=\"screen-reader-text\"><br \/>\n\t\t\t<\/span>\n\t\t<\/div>\n<\/li>\n<\/ul>\n<\/div>\n<\/div>","protected":false},"excerpt":{"rendered":"<p>\u00bfQUE ES EL PLAN DE REFERIDOS? La opci\u00f3n de Referidos brinda ganancias del 10% por cada persona que refieras a nuestros cursos, ganas tanto por la membres\u00eda, como por el curso que se venda. Gana de manera permanente refiriendo nuestros programas de capacitaci\u00f3n de las carreras m\u00e1s influyentes del mercado y del mundo actual. Ganas [&hellip;]<\/p>\n","protected":false},"author":1,"featured_media":0,"parent":0,"menu_order":0,"comment_status":"closed","ping_status":"closed","template":"","meta":{"_ppp_document_settings_meta":"{\"product_ids\":[{\"label\":\"Plan Referidos - [#27920]\",\"value\":\"27920\"}],\"delay_restriction_enable\":\"\",\"delay_restriction\":\"\",\"delay_restriction_frequency\":\"day\",\"page_view_restriction_enable\":\"\",\"page_view_restriction\":\"\",\"page_view_restriction_frequency\":\"day\",\"page_view_restriction_enable_time_frame\":\"\",\"page_view_restriction_time_frame\":\"\",\"expire_restriction_enable\":\"\",\"expire_restriction\":\"\",\"expire_restriction_frequency\":\"day\",\"show_warnings\":\"\"}","_joinchat":[],"footnotes":""},"class_list":["post-28056","page","type-page","status-publish","hentry"],"yoast_head":"<!-- This site is optimized with the Yoast SEO plugin v25.5 - https:\/\/yoast.com\/wordpress\/plugins\/seo\/ -->\n<title>Login Afiliados - Click Conexi\u00f3n<\/title>\n<meta name=\"robots\" content=\"index, follow, max-snippet:-1, max-image-preview:large, max-video-preview:-1\" \/>\n<link rel=\"canonical\" href=\"https:\/\/clickconexion.com\/en\/affiliate-login\/\" \/>\n<meta property=\"og:locale\" content=\"en_US\" \/>\n<meta property=\"og:type\" content=\"article\" \/>\n<meta property=\"og:title\" content=\"Login Afiliados - Click Conexi\u00f3n\" \/>\n<meta property=\"og:description\" content=\"\u00bfQUE ES EL PLAN DE REFERIDOS? La opci\u00f3n de Referidos brinda ganancias del 10% por cada persona que refieras a nuestros cursos, ganas tanto por la membres\u00eda, como por el curso que se venda. Gana de manera permanente refiriendo nuestros programas de capacitaci\u00f3n de las carreras m\u00e1s influyentes del mercado y del mundo actual. Ganas [&hellip;]\" \/>\n<meta property=\"og:url\" content=\"https:\/\/clickconexion.com\/en\/affiliate-login\/\" \/>\n<meta property=\"og:site_name\" content=\"Click Conexi\u00f3n\" \/>\n<meta property=\"article:publisher\" content=\"https:\/\/www.facebook.com\/clickconexionx\" \/>\n<meta property=\"article:modified_time\" content=\"2023-09-14T18:03:34+00:00\" \/>\n<meta property=\"og:image\" content=\"https:\/\/clickconexion.com\/wp-content\/uploads\/2023\/08\/Referido2.jpg\" \/>\n\t<meta property=\"og:image:width\" content=\"626\" \/>\n\t<meta property=\"og:image:height\" content=\"352\" \/>\n\t<meta property=\"og:image:type\" content=\"image\/jpeg\" \/>\n<meta name=\"twitter:card\" content=\"summary_large_image\" \/>\n<meta name=\"twitter:site\" content=\"@clickconexion_\" \/>\n<script type=\"application\/ld+json\" class=\"yoast-schema-graph\">{\"@context\":\"https:\/\/schema.org\",\"@graph\":[{\"@type\":\"WebPage\",\"@id\":\"https:\/\/clickconexion.com\/affiliate-login\/\",\"url\":\"https:\/\/clickconexion.com\/affiliate-login\/\",\"name\":\"Login Afiliados - Click Conexi\u00f3n\",\"isPartOf\":{\"@id\":\"https:\/\/clickconexion.com\/#website\"},\"datePublished\":\"2023-09-12T13:47:08+00:00\",\"dateModified\":\"2023-09-14T18:03:34+00:00\",\"breadcrumb\":{\"@id\":\"https:\/\/clickconexion.com\/affiliate-login\/#breadcrumb\"},\"inLanguage\":\"en-US\",\"potentialAction\":[{\"@type\":\"ReadAction\",\"target\":[\"https:\/\/clickconexion.com\/affiliate-login\/\"]}]},{\"@type\":\"BreadcrumbList\",\"@id\":\"https:\/\/clickconexion.com\/affiliate-login\/#breadcrumb\",\"itemListElement\":[{\"@type\":\"ListItem\",\"position\":1,\"name\":\"Portada\",\"item\":\"https:\/\/clickconexion.com\/\"},{\"@type\":\"ListItem\",\"position\":2,\"name\":\"Login Afiliados\"}]},{\"@type\":\"WebSite\",\"@id\":\"https:\/\/clickconexion.com\/#website\",\"url\":\"https:\/\/clickconexion.com\/\",\"name\":\"Click Conexi\u00f3n\",\"description\":\"Herramientas para el futuro, cursos, capacitaciones y entrenamiento.\",\"publisher\":{\"@id\":\"https:\/\/clickconexion.com\/#organization\"},\"alternateName\":\"ClickConexion\",\"potentialAction\":[{\"@type\":\"SearchAction\",\"target\":{\"@type\":\"EntryPoint\",\"urlTemplate\":\"https:\/\/clickconexion.com\/?s={search_term_string}\"},\"query-input\":{\"@type\":\"PropertyValueSpecification\",\"valueRequired\":true,\"valueName\":\"search_term_string\"}}],\"inLanguage\":\"en-US\"},{\"@type\":\"Organization\",\"@id\":\"https:\/\/clickconexion.com\/#organization\",\"name\":\"Click Conexi\u00f3n\",\"alternateName\":\"ClickConexion\",\"url\":\"https:\/\/clickconexion.com\/\",\"logo\":{\"@type\":\"ImageObject\",\"inLanguage\":\"en-US\",\"@id\":\"https:\/\/clickconexion.com\/#\/schema\/logo\/image\/\",\"url\":\"https:\/\/clickconexion.com\/wp-content\/uploads\/2023\/08\/cropped-favicon-1-1-511x511.png\",\"contentUrl\":\"https:\/\/clickconexion.com\/wp-content\/uploads\/2023\/08\/cropped-favicon-1-1-511x511.png\",\"width\":512,\"height\":512,\"caption\":\"Click Conexi\u00f3n\"},\"image\":{\"@id\":\"https:\/\/clickconexion.com\/#\/schema\/logo\/image\/\"},\"sameAs\":[\"https:\/\/www.facebook.com\/clickconexionx\",\"https:\/\/x.com\/clickconexion_\"]}]}<\/script>\n<!-- \/ Yoast SEO plugin. -->","yoast_head_json":{"title":"Affiliate Login - Click Connection","robots":{"index":"index","follow":"follow","max-snippet":"max-snippet:-1","max-image-preview":"max-image-preview:large","max-video-preview":"max-video-preview:-1"},"canonical":"https:\/\/clickconexion.com\/en\/affiliate-login\/","og_locale":"en_US","og_type":"article","og_title":"Login Afiliados - Click Conexi\u00f3n","og_description":"\u00bfQUE ES EL PLAN DE REFERIDOS? La opci\u00f3n de Referidos brinda ganancias del 10% por cada persona que refieras a nuestros cursos, ganas tanto por la membres\u00eda, como por el curso que se venda. Gana de manera permanente refiriendo nuestros programas de capacitaci\u00f3n de las carreras m\u00e1s influyentes del mercado y del mundo actual. Ganas [&hellip;]","og_url":"https:\/\/clickconexion.com\/en\/affiliate-login\/","og_site_name":"Click Conexi\u00f3n","article_publisher":"https:\/\/www.facebook.com\/clickconexionx","article_modified_time":"2023-09-14T18:03:34+00:00","og_image":[{"width":626,"height":352,"url":"https:\/\/clickconexion.com\/wp-content\/uploads\/2023\/08\/Referido2.jpg","type":"image\/jpeg"}],"twitter_card":"summary_large_image","twitter_site":"@clickconexion_","schema":{"@context":"https:\/\/schema.org","@graph":[{"@type":"WebPage","@id":"https:\/\/clickconexion.com\/affiliate-login\/","url":"https:\/\/clickconexion.com\/affiliate-login\/","name":"Affiliate Login - Click Connection","isPartOf":{"@id":"https:\/\/clickconexion.com\/#website"},"datePublished":"2023-09-12T13:47:08+00:00","dateModified":"2023-09-14T18:03:34+00:00","breadcrumb":{"@id":"https:\/\/clickconexion.com\/affiliate-login\/#breadcrumb"},"inLanguage":"en-US","potentialAction":[{"@type":"ReadAction","target":["https:\/\/clickconexion.com\/affiliate-login\/"]}]},{"@type":"BreadcrumbList","@id":"https:\/\/clickconexion.com\/affiliate-login\/#breadcrumb","itemListElement":[{"@type":"ListItem","position":1,"name":"Portada","item":"https:\/\/clickconexion.com\/"},{"@type":"ListItem","position":2,"name":"Login Afiliados"}]},{"@type":"WebSite","@id":"https:\/\/clickconexion.com\/#website","url":"https:\/\/clickconexion.com\/","name":"Click Connection","description":"Tools for the future, courses, training and training.","publisher":{"@id":"https:\/\/clickconexion.com\/#organization"},"alternateName":"ClickConexion","potentialAction":[{"@type":"SearchAction","target":{"@type":"EntryPoint","urlTemplate":"https:\/\/clickconexion.com\/?s={search_term_string}"},"query-input":{"@type":"PropertyValueSpecification","valueRequired":true,"valueName":"search_term_string"}}],"inLanguage":"en-US"},{"@type":"Organization","@id":"https:\/\/clickconexion.com\/#organization","name":"Click Connection","alternateName":"ClickConexion","url":"https:\/\/clickconexion.com\/","logo":{"@type":"ImageObject","inLanguage":"en-US","@id":"https:\/\/clickconexion.com\/#\/schema\/logo\/image\/","url":"https:\/\/clickconexion.com\/wp-content\/uploads\/2023\/08\/cropped-favicon-1-1-511x511.png","contentUrl":"https:\/\/clickconexion.com\/wp-content\/uploads\/2023\/08\/cropped-favicon-1-1-511x511.png","width":512,"height":512,"caption":"Click Conexi\u00f3n"},"image":{"@id":"https:\/\/clickconexion.com\/#\/schema\/logo\/image\/"},"sameAs":["https:\/\/www.facebook.com\/clickconexionx","https:\/\/x.com\/clickconexion_"]}]}},"_links":{"self":[{"href":"https:\/\/clickconexion.com\/en\/wp-json\/wp\/v2\/pages\/28056","targetHints":{"allow":["GET"]}}],"collection":[{"href":"https:\/\/clickconexion.com\/en\/wp-json\/wp\/v2\/pages"}],"about":[{"href":"https:\/\/clickconexion.com\/en\/wp-json\/wp\/v2\/types\/page"}],"author":[{"embeddable":true,"href":"https:\/\/clickconexion.com\/en\/wp-json\/wp\/v2\/users\/1"}],"replies":[{"embeddable":true,"href":"https:\/\/clickconexion.com\/en\/wp-json\/wp\/v2\/comments?post=28056"}],"version-history":[{"count":2,"href":"https:\/\/clickconexion.com\/en\/wp-json\/wp\/v2\/pages\/28056\/revisions"}],"predecessor-version":[{"id":28224,"href":"https:\/\/clickconexion.com\/en\/wp-json\/wp\/v2\/pages\/28056\/revisions\/28224"}],"wp:attachment":[{"href":"https:\/\/clickconexion.com\/en\/wp-json\/wp\/v2\/media?parent=28056"}],"curies":[{"name":"wp","href":"https:\/\/api.w.org\/{rel}","templated":true}]}}