{"id":28059,"date":"2023-09-12T08:47:08","date_gmt":"2023-09-12T13:47:08","guid":{"rendered":"https:\/\/clickconexion.com\/affiliate-tos-page-3\/"},"modified":"2023-09-14T12:59:59","modified_gmt":"2023-09-14T17:59:59","slug":"affiliate-tos-page","status":"publish","type":"page","link":"https:\/\/clickconexion.com\/en\/affiliate-tos-page\/","title":{"rendered":"Terms and Conditions"},"content":{"rendered":"<p><strong>Terms and Conditions<\/strong><\/p>\n\n\n\n<p>By accessing and using the Service, you express your full consent, and full agreement and understanding of the Terms of Service, conditions and the Privacy Policy. If you do not agree with any or all of the Terms of Service or Privacy Policy, please leave the Website.<\/p>\n\n\n\n<p>Terms of Service<\/p>\n\n\n\n<p>The user will have the possibility of acquiring knowledge of Personal and Financial development through our online services through Videos, live broadcasts, Video-conferences, etc.<\/p>\n\n\n\n<p>To use the services, you must create a paid account, be of legal age (18 years or older), have a computer or compatible devices, such as mobile phones or tablets.<\/p>\n\n\n\n<p>By accessing the Service, you consent to the collection, processing and use of all information related to your use of the Service, which is managed in accordance with the terms of our Privacy Policy. You understand that you have the right to request the deletion of your data.<\/p>\n\n\n\n<p>We reserve the right to make future changes to our Terms of Service at any time, without notice. In the event of any material changes, we will use commercially reasonable efforts to notify you and obtain your consent before making such changes.<\/p>\n\n\n\n<p>Permission to use the services<\/p>\n\n\n\n<p>Reserve of rights. By agreeing to these Terms of Service, you are granted a limited, nonexclusive, nontransferable, and nonsublicensable right to enter, access, and use the Service solely for your personal, noncommercial use. All rights not expressly granted to you in these Terms of Service are reserved by Company and its licensors, as applicable. You agree that this permission is for your personal, non-commercial use only, and that no one other than you will use the Service. You do not have the right to copy or reproduce in whole or in part any portion of the Service, including without limitation, the content of ClickConexion.com. You understand and acknowledge that, in all circumstances, your rights in connection with the Service will be limited by applicable copyright and intellectual property laws, as well as these Terms of Service.<\/p>\n\n\n\n<p>prohibited conduct<\/p>\n\n\n\n<p>You may not use the Service to contain or upload abusive or threatening content or language or content or language that constitutes or promotes any illegal or offensive activity. transmit, display, perform or otherwise make available messages, content or materials that are unlawful, obscene, threatening, unsolicited bulk or &quot;spam&quot;, defamatory, invasive of privacy, or violate or infringe copyrights, trademarks trademarks, patents, trade secrets and other intellectual property rights, rights of privacy or publicity, communications regulations or statutes, or any other laws, including, without limitation, laws regarding the correct use of the website.<\/p>","protected":false},"excerpt":{"rendered":"<p>T\u00e9rminos y Condiciones Al acceder y utilizar el Servicio, usted expresa su total consentimiento, y total acuerdo y entendimiento de los T\u00e9rminos de Servicio, condiciones y la Pol\u00edtica de Privacidad. Si no est\u00e1 de acuerdo con alguno o todos los T\u00e9rminos de Servicio o la Pol\u00edtica de Privacidad, abandone el sitio web. T\u00e9rminos de Servicio [&hellip;]<\/p>\n","protected":false},"author":1,"featured_media":0,"parent":0,"menu_order":0,"comment_status":"closed","ping_status":"closed","template":"","meta":{"_ppp_document_settings_meta":"","_joinchat":[],"footnotes":""},"class_list":["post-28059","page","type-page","status-publish","hentry"],"yoast_head":"<!-- This site is optimized with the Yoast SEO plugin v25.5 - https:\/\/yoast.com\/wordpress\/plugins\/seo\/ -->\n<title>T\u00e9rminos y Condiciones - Click Conexi\u00f3n<\/title>\n<meta name=\"robots\" content=\"index, follow, max-snippet:-1, max-image-preview:large, max-video-preview:-1\" \/>\n<link rel=\"canonical\" href=\"https:\/\/clickconexion.com\/en\/affiliate-tos-page\/\" \/>\n<meta property=\"og:locale\" content=\"en_US\" \/>\n<meta property=\"og:type\" content=\"article\" \/>\n<meta property=\"og:title\" content=\"T\u00e9rminos y Condiciones - Click Conexi\u00f3n\" \/>\n<meta property=\"og:description\" content=\"T\u00e9rminos y Condiciones Al acceder y utilizar el Servicio, usted expresa su total consentimiento, y total acuerdo y entendimiento de los T\u00e9rminos de Servicio, condiciones y la Pol\u00edtica de Privacidad. Si no est\u00e1 de acuerdo con alguno o todos los T\u00e9rminos de Servicio o la Pol\u00edtica de Privacidad, abandone el sitio web. T\u00e9rminos de Servicio [&hellip;]\" \/>\n<meta property=\"og:url\" content=\"https:\/\/clickconexion.com\/en\/affiliate-tos-page\/\" \/>\n<meta property=\"og:site_name\" content=\"Click Conexi\u00f3n\" \/>\n<meta property=\"article:publisher\" content=\"https:\/\/www.facebook.com\/clickconexionx\" \/>\n<meta property=\"article:modified_time\" content=\"2023-09-14T17:59:59+00:00\" \/>\n<meta property=\"og:image\" content=\"https:\/\/clickconexion.com\/wp-content\/uploads\/2023\/08\/Referido2.jpg\" \/>\n\t<meta property=\"og:image:width\" content=\"626\" \/>\n\t<meta property=\"og:image:height\" content=\"352\" \/>\n\t<meta property=\"og:image:type\" content=\"image\/jpeg\" \/>\n<meta name=\"twitter:card\" content=\"summary_large_image\" \/>\n<meta name=\"twitter:site\" content=\"@clickconexion_\" \/>\n<meta name=\"twitter:label1\" content=\"Est. reading time\" \/>\n\t<meta name=\"twitter:data1\" content=\"3 minutes\" \/>\n<script type=\"application\/ld+json\" class=\"yoast-schema-graph\">{\"@context\":\"https:\/\/schema.org\",\"@graph\":[{\"@type\":\"WebPage\",\"@id\":\"https:\/\/clickconexion.com\/affiliate-tos-page\/\",\"url\":\"https:\/\/clickconexion.com\/affiliate-tos-page\/\",\"name\":\"T\u00e9rminos y Condiciones - Click Conexi\u00f3n\",\"isPartOf\":{\"@id\":\"https:\/\/clickconexion.com\/#website\"},\"datePublished\":\"2023-09-12T13:47:08+00:00\",\"dateModified\":\"2023-09-14T17:59:59+00:00\",\"breadcrumb\":{\"@id\":\"https:\/\/clickconexion.com\/affiliate-tos-page\/#breadcrumb\"},\"inLanguage\":\"en-US\",\"potentialAction\":[{\"@type\":\"ReadAction\",\"target\":[\"https:\/\/clickconexion.com\/affiliate-tos-page\/\"]}]},{\"@type\":\"BreadcrumbList\",\"@id\":\"https:\/\/clickconexion.com\/affiliate-tos-page\/#breadcrumb\",\"itemListElement\":[{\"@type\":\"ListItem\",\"position\":1,\"name\":\"Portada\",\"item\":\"https:\/\/clickconexion.com\/\"},{\"@type\":\"ListItem\",\"position\":2,\"name\":\"T\u00e9rminos y Condiciones\"}]},{\"@type\":\"WebSite\",\"@id\":\"https:\/\/clickconexion.com\/#website\",\"url\":\"https:\/\/clickconexion.com\/\",\"name\":\"Click Conexi\u00f3n\",\"description\":\"Herramientas para el futuro, cursos, capacitaciones y entrenamiento.\",\"publisher\":{\"@id\":\"https:\/\/clickconexion.com\/#organization\"},\"alternateName\":\"ClickConexion\",\"potentialAction\":[{\"@type\":\"SearchAction\",\"target\":{\"@type\":\"EntryPoint\",\"urlTemplate\":\"https:\/\/clickconexion.com\/?s={search_term_string}\"},\"query-input\":{\"@type\":\"PropertyValueSpecification\",\"valueRequired\":true,\"valueName\":\"search_term_string\"}}],\"inLanguage\":\"en-US\"},{\"@type\":\"Organization\",\"@id\":\"https:\/\/clickconexion.com\/#organization\",\"name\":\"Click Conexi\u00f3n\",\"alternateName\":\"ClickConexion\",\"url\":\"https:\/\/clickconexion.com\/\",\"logo\":{\"@type\":\"ImageObject\",\"inLanguage\":\"en-US\",\"@id\":\"https:\/\/clickconexion.com\/#\/schema\/logo\/image\/\",\"url\":\"https:\/\/clickconexion.com\/wp-content\/uploads\/2023\/08\/cropped-favicon-1-1-511x511.png\",\"contentUrl\":\"https:\/\/clickconexion.com\/wp-content\/uploads\/2023\/08\/cropped-favicon-1-1-511x511.png\",\"width\":512,\"height\":512,\"caption\":\"Click Conexi\u00f3n\"},\"image\":{\"@id\":\"https:\/\/clickconexion.com\/#\/schema\/logo\/image\/\"},\"sameAs\":[\"https:\/\/www.facebook.com\/clickconexionx\",\"https:\/\/x.com\/clickconexion_\"]}]}<\/script>\n<!-- \/ Yoast SEO plugin. -->","yoast_head_json":{"title":"T\u00e9rminos y Condiciones - Click Conexi\u00f3n","robots":{"index":"index","follow":"follow","max-snippet":"max-snippet:-1","max-image-preview":"max-image-preview:large","max-video-preview":"max-video-preview:-1"},"canonical":"https:\/\/clickconexion.com\/en\/affiliate-tos-page\/","og_locale":"en_US","og_type":"article","og_title":"T\u00e9rminos y Condiciones - Click Conexi\u00f3n","og_description":"T\u00e9rminos y Condiciones Al acceder y utilizar el Servicio, usted expresa su total consentimiento, y total acuerdo y entendimiento de los T\u00e9rminos de Servicio, condiciones y la Pol\u00edtica de Privacidad. Si no est\u00e1 de acuerdo con alguno o todos los T\u00e9rminos de Servicio o la Pol\u00edtica de Privacidad, abandone el sitio web. T\u00e9rminos de Servicio [&hellip;]","og_url":"https:\/\/clickconexion.com\/en\/affiliate-tos-page\/","og_site_name":"Click Conexi\u00f3n","article_publisher":"https:\/\/www.facebook.com\/clickconexionx","article_modified_time":"2023-09-14T17:59:59+00:00","og_image":[{"width":626,"height":352,"url":"https:\/\/clickconexion.com\/wp-content\/uploads\/2023\/08\/Referido2.jpg","type":"image\/jpeg"}],"twitter_card":"summary_large_image","twitter_site":"@clickconexion_","twitter_misc":{"Est. reading time":"3 minutes"},"schema":{"@context":"https:\/\/schema.org","@graph":[{"@type":"WebPage","@id":"https:\/\/clickconexion.com\/affiliate-tos-page\/","url":"https:\/\/clickconexion.com\/affiliate-tos-page\/","name":"T\u00e9rminos y Condiciones - Click Conexi\u00f3n","isPartOf":{"@id":"https:\/\/clickconexion.com\/#website"},"datePublished":"2023-09-12T13:47:08+00:00","dateModified":"2023-09-14T17:59:59+00:00","breadcrumb":{"@id":"https:\/\/clickconexion.com\/affiliate-tos-page\/#breadcrumb"},"inLanguage":"en-US","potentialAction":[{"@type":"ReadAction","target":["https:\/\/clickconexion.com\/affiliate-tos-page\/"]}]},{"@type":"BreadcrumbList","@id":"https:\/\/clickconexion.com\/affiliate-tos-page\/#breadcrumb","itemListElement":[{"@type":"ListItem","position":1,"name":"Portada","item":"https:\/\/clickconexion.com\/"},{"@type":"ListItem","position":2,"name":"T\u00e9rminos y Condiciones"}]},{"@type":"WebSite","@id":"https:\/\/clickconexion.com\/#website","url":"https:\/\/clickconexion.com\/","name":"Click Connection","description":"Tools for the future, courses, training and training.","publisher":{"@id":"https:\/\/clickconexion.com\/#organization"},"alternateName":"ClickConexion","potentialAction":[{"@type":"SearchAction","target":{"@type":"EntryPoint","urlTemplate":"https:\/\/clickconexion.com\/?s={search_term_string}"},"query-input":{"@type":"PropertyValueSpecification","valueRequired":true,"valueName":"search_term_string"}}],"inLanguage":"en-US"},{"@type":"Organization","@id":"https:\/\/clickconexion.com\/#organization","name":"Click Connection","alternateName":"ClickConexion","url":"https:\/\/clickconexion.com\/","logo":{"@type":"ImageObject","inLanguage":"en-US","@id":"https:\/\/clickconexion.com\/#\/schema\/logo\/image\/","url":"https:\/\/clickconexion.com\/wp-content\/uploads\/2023\/08\/cropped-favicon-1-1-511x511.png","contentUrl":"https:\/\/clickconexion.com\/wp-content\/uploads\/2023\/08\/cropped-favicon-1-1-511x511.png","width":512,"height":512,"caption":"Click Conexi\u00f3n"},"image":{"@id":"https:\/\/clickconexion.com\/#\/schema\/logo\/image\/"},"sameAs":["https:\/\/www.facebook.com\/clickconexionx","https:\/\/x.com\/clickconexion_"]}]}},"_links":{"self":[{"href":"https:\/\/clickconexion.com\/en\/wp-json\/wp\/v2\/pages\/28059","targetHints":{"allow":["GET"]}}],"collection":[{"href":"https:\/\/clickconexion.com\/en\/wp-json\/wp\/v2\/pages"}],"about":[{"href":"https:\/\/clickconexion.com\/en\/wp-json\/wp\/v2\/types\/page"}],"author":[{"embeddable":true,"href":"https:\/\/clickconexion.com\/en\/wp-json\/wp\/v2\/users\/1"}],"replies":[{"embeddable":true,"href":"https:\/\/clickconexion.com\/en\/wp-json\/wp\/v2\/comments?post=28059"}],"version-history":[{"count":2,"href":"https:\/\/clickconexion.com\/en\/wp-json\/wp\/v2\/pages\/28059\/revisions"}],"predecessor-version":[{"id":28222,"href":"https:\/\/clickconexion.com\/en\/wp-json\/wp\/v2\/pages\/28059\/revisions\/28222"}],"wp:attachment":[{"href":"https:\/\/clickconexion.com\/en\/wp-json\/wp\/v2\/media?parent=28059"}],"curies":[{"name":"wp","href":"https:\/\/api.w.org\/{rel}","templated":true}]}}