{"id":28579,"date":"2023-11-18T12:42:12","date_gmt":"2023-11-18T17:42:12","guid":{"rendered":"https:\/\/clickconexion.com\/?page_id=28579"},"modified":"2023-11-22T21:20:57","modified_gmt":"2023-11-23T02:20:57","slug":"regalo","status":"publish","type":"page","link":"https:\/\/clickconexion.com\/en\/regalo\/","title":{"rendered":"Gift"},"content":{"rendered":"<img fetchpriority=\"high\" decoding=\"async\" class=\"ba-cheetah-photo-img wp-image-28599 size-full\" src=\"https:\/\/clickconexion.com\/wp-content\/uploads\/2023\/11\/click.gif\" alt=\"\" height=\"225\" width=\"400\" \/>\n\t<p>YOU&#039;RE JUST ONE STEP AWAY FROM COMPLETING REGISTRATION AND CHANGE YOUR WORLD FOREVER!<\/p>\n\t<p>REGISTER! AND ENTER THE DIGITAL AGE<\/p>\n\t<iframe width=\"1170\" height=\"658\" src=\"https:\/\/www.youtube.com\/embed\/ahuD5baoF_Y?feature=oembed\" frameborder=\"0\" allowfullscreen><\/iframe>\n\t<p>ENTER THE WORLD OF DIGITAL POSSIBILITIES WE HAVE FOR YOU AND YOURS<\/p>\n\t\t\t\t    <a href=\"https:\/\/clickconexion.com\/wp-content\/uploads\/2023\/11\/Click_Conexion.pdf\" target=\"_blank\" data-link-type=\"url\" data-caption=\"\" data-title=\"Descarga PDF Click Conexion\" rel=\"noopener\" data-description=\"Descarga PDF Click Conexion\">\n\t\t\t\t    <img decoding=\"async\" class=\"ba-cheetah-photo-img wp-image-28582 size-full\" src=\"https:\/\/clickconexion.com\/wp-content\/uploads\/2023\/11\/Button_One.gif\" alt=\"Descarga PDF Click Conexion\" height=\"122\" width=\"1080\" \/>\n\t\t\t\t    <\/a>\n\t<p>APRENDE MAS&#8230; ENTRA Y UNETE A NUESTRO CANAL DE WHATSAPP<\/p>\n\t\t\t\t    <a href=\"https:\/\/whatsapp.com\/channel\/0029Va9sbN159PwL4c2yQg41\" target=\"_blank\" data-link-type=\"url\" data-caption=\"\" data-title=\"whatsapp clickconexion\" rel=\"noopener\" data-description=\"whatsapp clickconexion\">\n\t\t\t\t    <img decoding=\"async\" class=\"ba-cheetah-photo-img wp-image-28581 size-full\" src=\"https:\/\/clickconexion.com\/wp-content\/uploads\/2023\/11\/Button_Three.gif\" alt=\"whatsapp clickconexion\" height=\"122\" width=\"1080\" \/>\n\t\t\t\t    <\/a>\n\t<p>YOU&#039;RE JUST ONE CLICK AWAY FROM CHANGING YOUR WORLD<\/p>\n\t\t\t\t    <a href=\"https:\/\/clickconexion.com\/en\/shop\/afiliados\/plan-referidos\/\" target=\"_blank\" data-link-type=\"url\" data-caption=\"\" data-title=\"Button_Two\" rel=\"noopener\" data-description=\"\">\n\t\t\t\t    <img loading=\"lazy\" decoding=\"async\" class=\"ba-cheetah-photo-img wp-image-28536 size-full\" src=\"https:\/\/clickconexion.com\/wp-content\/uploads\/2023\/11\/Button_Two.gif\" alt=\"\" height=\"122\" width=\"1080\" \/>\n\t\t\t\t    <\/a>\n\t<p>GET A 50% OFF DISCOUNT FOR A LIMITED TIME<\/p>\n\t<p>TAKE ADVANTAGE OF IT NOW!<\/p>\n\t\n\t\n\t\t\t00\n\t\t\tD\u00edas\n\t\t:\n\t\t\t00\n\t\t\tHoras\n\t\t:\n\t\t\t00\n\t\t\tMinutos\n\t\t:\n\t\t\t00\n\t\t\tSegundos\n\t\t<p>Offer has expired!<\/p>\t\n<h1>\n\t\t TESTIMONIALS\t\n<\/h1>\n<section>\n\t\t\t\t\t\t\t<img decoding=\"async\" src=\"https:\/\/cheetahwp.builderall.com\/wp-content\/uploads\/2021\/12\/Homem.gif\" alt=\"Henry Vasquez\" \/>\n\t\t\t\t\t\t<p>Thanks to ClickConexion.com, I&#039;m on a path I&#039;d never regret taking. I&#039;m studying, and every day I learn more useful things for my future.<\/p>\n\t\t\t\t\t<cite>\n\t\t\t\t\t\t\tHenry Vasquez\t\t\t\t\t\t\n\t\t\t\t\t<\/cite>\n\t\t\t\t\t\t\t<img decoding=\"async\" src=\"https:\/\/cheetahwp.builderall.com\/wp-content\/uploads\/2021\/12\/mulher.gif\" alt=\"Sarah Cuesta\" \/>\n\t\t\t\t\t\t<p>I&#039;m an independent Community Manager, and it&#039;s all thanks to this wonderful site. I have time and my own income, tailored to the work I do. Thank you all for this opportunity.<\/p>\n\t\t\t\t\t<cite>\n\t\t\t\t\t\t\tSarah Cuesta\t\t\t\t\t\t\n\t\t\t\t\t<\/cite>\n\t\t\t\t\t\t\t<img decoding=\"async\" src=\"https:\/\/clickconexion.com\/wp-content\/uploads\/2023\/11\/Captura-de-pantalla-2023-11-18-203903.png\" alt=\"Miguel M\u00e1rquez\" \/>\n\t\t\t\t\t\t<p>It&#039;s been a tremendous pleasure working with the Click Conexi\u00f3n team. We try to stay active and are constantly learning. Thanks again!<\/p>\n\t\t\t\t\t<cite>\n\t\t\t\t\t\t\tMiguel Marquez\t\t\t\t\t\t\n\t\t\t\t\t<\/cite>\n<\/section>\n\t<p>\u00a9 Copyright 2023 CLICKCONEXION. All Rights Reserved.<\/p>","protected":false},"excerpt":{"rendered":"<p>\u00a1EST\u00c1S A UN SOLO PASO DE COMPLETAR EL REGISTRO Y CAMBIAR TU MUNDO PARA SIEMPRE! REGISTRATE! Y ENTRA EN LA ERA DIGITAL ENTRA AL MUNDO DE POSIBILIDADES DIGITALES QUE TENEMOS PARA TI Y LOS TUYOS APRENDE MAS&#8230; ENTRA Y UNETE A NUESTRO CANAL DE WHATSAPP ESTAS A UN SOLO CLICK DE CAMBIAR TU MUNDO ADQUIERE [&hellip;]<\/p>\n","protected":false},"author":1,"featured_media":0,"parent":0,"menu_order":0,"comment_status":"closed","ping_status":"closed","template":"ba-cheetah-canvas-template","meta":{"_ppp_document_settings_meta":"","_joinchat":[],"footnotes":""},"class_list":["post-28579","page","type-page","status-publish","hentry"],"yoast_head":"<!-- This site is optimized with the Yoast SEO plugin v25.5 - https:\/\/yoast.com\/wordpress\/plugins\/seo\/ -->\n<title>Regalo - Click Conexi\u00f3n<\/title>\n<meta name=\"description\" content=\"Regalo de Bienvenido para nuestros primeros 100 compradores del sistema de Referidos, adem\u00e1s que tendr\u00e1s una suscripci\u00f3n de por vida.\" \/>\n<meta name=\"robots\" content=\"index, follow, max-snippet:-1, max-image-preview:large, max-video-preview:-1\" \/>\n<link rel=\"canonical\" href=\"https:\/\/clickconexion.com\/en\/regalo\/\" \/>\n<meta property=\"og:locale\" content=\"en_US\" \/>\n<meta property=\"og:type\" content=\"article\" \/>\n<meta property=\"og:title\" content=\"Regalo - Click Conexi\u00f3n\" \/>\n<meta property=\"og:description\" content=\"Regalo de Bienvenido para nuestros primeros 100 compradores del sistema de Referidos, adem\u00e1s que tendr\u00e1s una suscripci\u00f3n de por vida.\" \/>\n<meta property=\"og:url\" content=\"https:\/\/clickconexion.com\/en\/regalo\/\" \/>\n<meta property=\"og:site_name\" content=\"Click Conexi\u00f3n\" \/>\n<meta property=\"article:publisher\" content=\"https:\/\/www.facebook.com\/clickconexionx\" \/>\n<meta property=\"article:modified_time\" content=\"2023-11-23T02:20:57+00:00\" \/>\n<meta property=\"og:image\" content=\"https:\/\/clickconexion.com\/wp-content\/uploads\/2023\/11\/click.gif\" \/>\n<meta name=\"twitter:card\" content=\"summary_large_image\" \/>\n<meta name=\"twitter:site\" content=\"@clickconexion_\" \/>\n<meta name=\"twitter:label1\" content=\"Est. reading time\" \/>\n\t<meta name=\"twitter:data1\" content=\"2 minutes\" \/>\n<script type=\"application\/ld+json\" class=\"yoast-schema-graph\">{\"@context\":\"https:\/\/schema.org\",\"@graph\":[{\"@type\":\"WebPage\",\"@id\":\"https:\/\/clickconexion.com\/regalo\/\",\"url\":\"https:\/\/clickconexion.com\/regalo\/\",\"name\":\"Regalo - Click Conexi\u00f3n\",\"isPartOf\":{\"@id\":\"https:\/\/clickconexion.com\/#website\"},\"primaryImageOfPage\":{\"@id\":\"https:\/\/clickconexion.com\/regalo\/#primaryimage\"},\"image\":{\"@id\":\"https:\/\/clickconexion.com\/regalo\/#primaryimage\"},\"thumbnailUrl\":\"https:\/\/clickconexion.com\/wp-content\/uploads\/2023\/11\/click.gif\",\"datePublished\":\"2023-11-18T17:42:12+00:00\",\"dateModified\":\"2023-11-23T02:20:57+00:00\",\"description\":\"Regalo de Bienvenido para nuestros primeros 100 compradores del sistema de Referidos, adem\u00e1s que tendr\u00e1s una suscripci\u00f3n de por vida.\",\"breadcrumb\":{\"@id\":\"https:\/\/clickconexion.com\/regalo\/#breadcrumb\"},\"inLanguage\":\"en-US\",\"potentialAction\":[{\"@type\":\"ReadAction\",\"target\":[\"https:\/\/clickconexion.com\/regalo\/\"]}]},{\"@type\":\"ImageObject\",\"inLanguage\":\"en-US\",\"@id\":\"https:\/\/clickconexion.com\/regalo\/#primaryimage\",\"url\":\"https:\/\/clickconexion.com\/wp-content\/uploads\/2023\/11\/click.gif\",\"contentUrl\":\"https:\/\/clickconexion.com\/wp-content\/uploads\/2023\/11\/click.gif\"},{\"@type\":\"BreadcrumbList\",\"@id\":\"https:\/\/clickconexion.com\/regalo\/#breadcrumb\",\"itemListElement\":[{\"@type\":\"ListItem\",\"position\":1,\"name\":\"Portada\",\"item\":\"https:\/\/clickconexion.com\/\"},{\"@type\":\"ListItem\",\"position\":2,\"name\":\"Regalo\"}]},{\"@type\":\"WebSite\",\"@id\":\"https:\/\/clickconexion.com\/#website\",\"url\":\"https:\/\/clickconexion.com\/\",\"name\":\"Click Conexi\u00f3n\",\"description\":\"Herramientas para el futuro, cursos, capacitaciones y entrenamiento.\",\"publisher\":{\"@id\":\"https:\/\/clickconexion.com\/#organization\"},\"alternateName\":\"ClickConexion\",\"potentialAction\":[{\"@type\":\"SearchAction\",\"target\":{\"@type\":\"EntryPoint\",\"urlTemplate\":\"https:\/\/clickconexion.com\/?s={search_term_string}\"},\"query-input\":{\"@type\":\"PropertyValueSpecification\",\"valueRequired\":true,\"valueName\":\"search_term_string\"}}],\"inLanguage\":\"en-US\"},{\"@type\":\"Organization\",\"@id\":\"https:\/\/clickconexion.com\/#organization\",\"name\":\"Click Conexi\u00f3n\",\"alternateName\":\"ClickConexion\",\"url\":\"https:\/\/clickconexion.com\/\",\"logo\":{\"@type\":\"ImageObject\",\"inLanguage\":\"en-US\",\"@id\":\"https:\/\/clickconexion.com\/#\/schema\/logo\/image\/\",\"url\":\"https:\/\/clickconexion.com\/wp-content\/uploads\/2023\/08\/cropped-favicon-1-1-511x511.png\",\"contentUrl\":\"https:\/\/clickconexion.com\/wp-content\/uploads\/2023\/08\/cropped-favicon-1-1-511x511.png\",\"width\":512,\"height\":512,\"caption\":\"Click Conexi\u00f3n\"},\"image\":{\"@id\":\"https:\/\/clickconexion.com\/#\/schema\/logo\/image\/\"},\"sameAs\":[\"https:\/\/www.facebook.com\/clickconexionx\",\"https:\/\/x.com\/clickconexion_\"]}]}<\/script>\n<!-- \/ Yoast SEO plugin. -->","yoast_head_json":{"title":"Regalo - Click Conexi\u00f3n","description":"Regalo de Bienvenido para nuestros primeros 100 compradores del sistema de Referidos, adem\u00e1s que tendr\u00e1s una suscripci\u00f3n de por vida.","robots":{"index":"index","follow":"follow","max-snippet":"max-snippet:-1","max-image-preview":"max-image-preview:large","max-video-preview":"max-video-preview:-1"},"canonical":"https:\/\/clickconexion.com\/en\/regalo\/","og_locale":"en_US","og_type":"article","og_title":"Regalo - Click Conexi\u00f3n","og_description":"Regalo de Bienvenido para nuestros primeros 100 compradores del sistema de Referidos, adem\u00e1s que tendr\u00e1s una suscripci\u00f3n de por vida.","og_url":"https:\/\/clickconexion.com\/en\/regalo\/","og_site_name":"Click Conexi\u00f3n","article_publisher":"https:\/\/www.facebook.com\/clickconexionx","article_modified_time":"2023-11-23T02:20:57+00:00","og_image":[{"url":"https:\/\/clickconexion.com\/wp-content\/uploads\/2023\/11\/click.gif","type":"","width":"","height":""}],"twitter_card":"summary_large_image","twitter_site":"@clickconexion_","twitter_misc":{"Est. reading time":"2 minutes"},"schema":{"@context":"https:\/\/schema.org","@graph":[{"@type":"WebPage","@id":"https:\/\/clickconexion.com\/regalo\/","url":"https:\/\/clickconexion.com\/regalo\/","name":"Regalo - Click Conexi\u00f3n","isPartOf":{"@id":"https:\/\/clickconexion.com\/#website"},"primaryImageOfPage":{"@id":"https:\/\/clickconexion.com\/regalo\/#primaryimage"},"image":{"@id":"https:\/\/clickconexion.com\/regalo\/#primaryimage"},"thumbnailUrl":"https:\/\/clickconexion.com\/wp-content\/uploads\/2023\/11\/click.gif","datePublished":"2023-11-18T17:42:12+00:00","dateModified":"2023-11-23T02:20:57+00:00","description":"Regalo de Bienvenido para nuestros primeros 100 compradores del sistema de Referidos, adem\u00e1s que tendr\u00e1s una suscripci\u00f3n de por vida.","breadcrumb":{"@id":"https:\/\/clickconexion.com\/regalo\/#breadcrumb"},"inLanguage":"en-US","potentialAction":[{"@type":"ReadAction","target":["https:\/\/clickconexion.com\/regalo\/"]}]},{"@type":"ImageObject","inLanguage":"en-US","@id":"https:\/\/clickconexion.com\/regalo\/#primaryimage","url":"https:\/\/clickconexion.com\/wp-content\/uploads\/2023\/11\/click.gif","contentUrl":"https:\/\/clickconexion.com\/wp-content\/uploads\/2023\/11\/click.gif"},{"@type":"BreadcrumbList","@id":"https:\/\/clickconexion.com\/regalo\/#breadcrumb","itemListElement":[{"@type":"ListItem","position":1,"name":"Portada","item":"https:\/\/clickconexion.com\/"},{"@type":"ListItem","position":2,"name":"Regalo"}]},{"@type":"WebSite","@id":"https:\/\/clickconexion.com\/#website","url":"https:\/\/clickconexion.com\/","name":"Click Connection","description":"Tools for the future, courses, training and training.","publisher":{"@id":"https:\/\/clickconexion.com\/#organization"},"alternateName":"ClickConexion","potentialAction":[{"@type":"SearchAction","target":{"@type":"EntryPoint","urlTemplate":"https:\/\/clickconexion.com\/?s={search_term_string}"},"query-input":{"@type":"PropertyValueSpecification","valueRequired":true,"valueName":"search_term_string"}}],"inLanguage":"en-US"},{"@type":"Organization","@id":"https:\/\/clickconexion.com\/#organization","name":"Click Connection","alternateName":"ClickConexion","url":"https:\/\/clickconexion.com\/","logo":{"@type":"ImageObject","inLanguage":"en-US","@id":"https:\/\/clickconexion.com\/#\/schema\/logo\/image\/","url":"https:\/\/clickconexion.com\/wp-content\/uploads\/2023\/08\/cropped-favicon-1-1-511x511.png","contentUrl":"https:\/\/clickconexion.com\/wp-content\/uploads\/2023\/08\/cropped-favicon-1-1-511x511.png","width":512,"height":512,"caption":"Click Conexi\u00f3n"},"image":{"@id":"https:\/\/clickconexion.com\/#\/schema\/logo\/image\/"},"sameAs":["https:\/\/www.facebook.com\/clickconexionx","https:\/\/x.com\/clickconexion_"]}]}},"_links":{"self":[{"href":"https:\/\/clickconexion.com\/en\/wp-json\/wp\/v2\/pages\/28579","targetHints":{"allow":["GET"]}}],"collection":[{"href":"https:\/\/clickconexion.com\/en\/wp-json\/wp\/v2\/pages"}],"about":[{"href":"https:\/\/clickconexion.com\/en\/wp-json\/wp\/v2\/types\/page"}],"author":[{"embeddable":true,"href":"https:\/\/clickconexion.com\/en\/wp-json\/wp\/v2\/users\/1"}],"replies":[{"embeddable":true,"href":"https:\/\/clickconexion.com\/en\/wp-json\/wp\/v2\/comments?post=28579"}],"version-history":[{"count":10,"href":"https:\/\/clickconexion.com\/en\/wp-json\/wp\/v2\/pages\/28579\/revisions"}],"predecessor-version":[{"id":28600,"href":"https:\/\/clickconexion.com\/en\/wp-json\/wp\/v2\/pages\/28579\/revisions\/28600"}],"wp:attachment":[{"href":"https:\/\/clickconexion.com\/en\/wp-json\/wp\/v2\/media?parent=28579"}],"curies":[{"name":"wp","href":"https:\/\/api.w.org\/{rel}","templated":true}]}}