{"id":28760,"date":"2024-03-16T18:30:11","date_gmt":"2024-03-16T23:30:11","guid":{"rendered":"https:\/\/clickconexion.com\/?page_id=28760"},"modified":"2024-03-16T18:38:49","modified_gmt":"2024-03-16T23:38:49","slug":"politicas-de-cookies","status":"publish","type":"page","link":"https:\/\/clickconexion.com\/en\/politicas-de-cookies\/","title":{"rendered":"Cookie Policies"},"content":{"rendered":"<div data-elementor-type=\"wp-page\" data-elementor-id=\"28760\" class=\"elementor elementor-28760\">\n\t\t\t\t\t\t<section class=\"elementor-section elementor-top-section elementor-element elementor-element-4d6b2548 elementor-section-boxed elementor-section-height-default elementor-section-height-default\" data-id=\"4d6b2548\" data-element_type=\"section\" data-e-type=\"section\">\n\t\t\t\t\t\t<div class=\"elementor-container elementor-column-gap-default\">\n\t\t\t\t\t<div class=\"elementor-column elementor-col-100 elementor-top-column elementor-element elementor-element-fb2af51\" data-id=\"fb2af51\" data-element_type=\"column\" data-e-type=\"column\">\n\t\t\t<div class=\"elementor-widget-wrap elementor-element-populated\">\n\t\t\t\t\t\t<div class=\"elementor-element elementor-element-544471eb elementor-widget elementor-widget-text-editor\" data-id=\"544471eb\" data-element_type=\"widget\" data-e-type=\"widget\" data-widget_type=\"text-editor.default\">\n\t\t\t\t<div class=\"elementor-widget-container\">\n\t\t\t\t\t\t\t\t\t<p><\/p>\n\t\t\t\t\t\t\t\t<\/div>\n\t\t\t\t<\/div>\n\t\t\t\t\t<\/div>\n\t\t<\/div>\n\t\t\t\t\t<\/div>\n\t\t<\/section>\n\t\t\t\t<section class=\"elementor-section elementor-top-section elementor-element elementor-element-10e6d86 elementor-section-boxed elementor-section-height-default elementor-section-height-default\" data-id=\"10e6d86\" data-element_type=\"section\" data-e-type=\"section\">\n\t\t\t\t\t\t<div class=\"elementor-container elementor-column-gap-default\">\n\t\t\t\t\t<div class=\"elementor-column elementor-col-100 elementor-top-column elementor-element elementor-element-e177ed3\" data-id=\"e177ed3\" data-element_type=\"column\" data-e-type=\"column\">\n\t\t\t<div class=\"elementor-widget-wrap elementor-element-populated\">\n\t\t\t\t\t\t<div class=\"elementor-element elementor-element-0b68eaa elementor-widget elementor-widget-heading\" data-id=\"0b68eaa\" data-element_type=\"widget\" data-e-type=\"widget\" data-widget_type=\"heading.default\">\n\t\t\t\t<div class=\"elementor-widget-container\">\n\t\t\t\t\t<h1 class=\"elementor-heading-title elementor-size-default\">Cookie Policies<\/h1>\t\t\t\t<\/div>\n\t\t\t\t<\/div>\n\t\t\t\t\t<\/div>\n\t\t<\/div>\n\t\t\t\t\t<\/div>\n\t\t<\/section>\n\t\t\t\t<section class=\"elementor-section elementor-top-section elementor-element elementor-element-912586e elementor-section-boxed elementor-section-height-default elementor-section-height-default\" data-id=\"912586e\" data-element_type=\"section\" data-e-type=\"section\">\n\t\t\t\t\t\t<div class=\"elementor-container elementor-column-gap-default\">\n\t\t\t\t\t<div class=\"elementor-column elementor-col-100 elementor-top-column elementor-element elementor-element-d90df8b\" data-id=\"d90df8b\" data-element_type=\"column\" data-e-type=\"column\">\n\t\t\t<div class=\"elementor-widget-wrap elementor-element-populated\">\n\t\t\t\t\t\t<div class=\"elementor-element elementor-element-2f18bf5 elementor-widget elementor-widget-text-editor\" data-id=\"2f18bf5\" data-element_type=\"widget\" data-e-type=\"widget\" data-widget_type=\"text-editor.default\">\n\t\t\t\t<div class=\"elementor-widget-container\">\n\t\t\t\t\t\t\t\t\t<p><span style=\"font-weight: 400;\">Like many websites and applications, our ClickConexion.com web domain uses cookies and other technologies.<\/span><\/p>\n<p><span style=\"font-weight: 400;\">Like many websites and applications, our ClickConexion.com web domain uses cookies and other technologies, such as web beacons, web storage, etc. through which we collect and process personal data for different purposes. In this policy, we refer to all of these technologies as \u201ccookies.\u201d\u00a0<\/span><\/p>\n<p><span style=\"font-weight: 400;\">Using cookies, we collect information about your device and its activity, for example, your browser type and information, your computer&#039;s operating system, your IP address, the pages you have viewed or the functions you have used.\u00a0<\/span><\/p>\n<p><span style=\"font-weight: 400;\">This policy explains what cookies we use, how and why, and the choices you have. You can change or modify your cookie preferences at any time.\u00a0<\/span><\/p>\n<p><span style=\"font-weight: 400;\">This policy is incorporated and forms part of our Personal Data Protection.\u00a0<\/span><\/p>\n<p><span style=\"font-weight: 400;\">What are Cookies?\u00a0<\/span><\/p>\n<p><span style=\"font-weight: 400;\">Cookies are small text files that are placed on your device, be it a computer, phone or tablet, when you visit and browse certain websites and applications. Cookies track some of your activities or preferences. Internet cookies are common and do not cause any damage to your device.<\/span><\/p><\/p>\n\t\t\t\t\t\t\t\t<\/div>\n\t\t\t\t<\/div>\n\t\t\t\t\t<\/div>\n\t\t<\/div>\n\t\t\t\t\t<\/div>\n\t\t<\/section>\n\t\t\t\t<\/div>","protected":false},"excerpt":{"rendered":"<p>Pol\u00edticas de Cookie Al igual que muchos sitios web y aplicaciones, nuestro dominio web ClickConexion.com utiliza cookies y otras tecnolog\u00edas Al igual que muchos sitios web y aplicaciones, nuestro dominio web ClickConexion.com utiliza cookies y otras tecnolog\u00edas, como contadores de visitas, almacenamiento web, etc. a trav\u00e9s de las cuales nosotros recopilamos y procesan datos personales [&hellip;]<\/p>\n","protected":false},"author":1,"featured_media":0,"parent":0,"menu_order":0,"comment_status":"closed","ping_status":"closed","template":"ba-cheetah-canvas-template","meta":{"_ppp_document_settings_meta":"","_joinchat":[],"footnotes":""},"class_list":["post-28760","page","type-page","status-publish","hentry"],"yoast_head":"<!-- This site is optimized with the Yoast SEO plugin v25.5 - https:\/\/yoast.com\/wordpress\/plugins\/seo\/ -->\n<title>Pol\u00edticas de Cookies - Click Conexi\u00f3n<\/title>\n<meta name=\"robots\" content=\"index, follow, max-snippet:-1, max-image-preview:large, max-video-preview:-1\" \/>\n<link rel=\"canonical\" href=\"https:\/\/clickconexion.com\/en\/politicas-de-cookies\/\" \/>\n<meta property=\"og:locale\" content=\"en_US\" \/>\n<meta property=\"og:type\" content=\"article\" \/>\n<meta property=\"og:title\" content=\"Pol\u00edticas de Cookies - Click Conexi\u00f3n\" \/>\n<meta property=\"og:description\" content=\"Pol\u00edticas de Cookie Al igual que muchos sitios web y aplicaciones, nuestro dominio web ClickConexion.com utiliza cookies y otras tecnolog\u00edas Al igual que muchos sitios web y aplicaciones, nuestro dominio web ClickConexion.com utiliza cookies y otras tecnolog\u00edas, como contadores de visitas, almacenamiento web, etc. a trav\u00e9s de las cuales nosotros recopilamos y procesan datos personales [&hellip;]\" \/>\n<meta property=\"og:url\" content=\"https:\/\/clickconexion.com\/en\/politicas-de-cookies\/\" \/>\n<meta property=\"og:site_name\" content=\"Click Conexi\u00f3n\" \/>\n<meta property=\"article:publisher\" content=\"https:\/\/www.facebook.com\/clickconexionx\" \/>\n<meta property=\"article:modified_time\" content=\"2024-03-16T23:38:49+00:00\" \/>\n<meta property=\"og:image\" content=\"https:\/\/clickconexion.com\/wp-content\/uploads\/2023\/08\/Referido2.jpg\" \/>\n\t<meta property=\"og:image:width\" content=\"626\" \/>\n\t<meta property=\"og:image:height\" content=\"352\" \/>\n\t<meta property=\"og:image:type\" content=\"image\/jpeg\" \/>\n<meta name=\"twitter:card\" content=\"summary_large_image\" \/>\n<meta name=\"twitter:site\" content=\"@clickconexion_\" \/>\n<meta name=\"twitter:label1\" content=\"Est. reading time\" \/>\n\t<meta name=\"twitter:data1\" content=\"1 minute\" \/>\n<script type=\"application\/ld+json\" class=\"yoast-schema-graph\">{\"@context\":\"https:\/\/schema.org\",\"@graph\":[{\"@type\":\"WebPage\",\"@id\":\"https:\/\/clickconexion.com\/politicas-de-cookies\/\",\"url\":\"https:\/\/clickconexion.com\/politicas-de-cookies\/\",\"name\":\"Pol\u00edticas de Cookies - Click Conexi\u00f3n\",\"isPartOf\":{\"@id\":\"https:\/\/clickconexion.com\/#website\"},\"datePublished\":\"2024-03-16T23:30:11+00:00\",\"dateModified\":\"2024-03-16T23:38:49+00:00\",\"breadcrumb\":{\"@id\":\"https:\/\/clickconexion.com\/politicas-de-cookies\/#breadcrumb\"},\"inLanguage\":\"en-US\",\"potentialAction\":[{\"@type\":\"ReadAction\",\"target\":[\"https:\/\/clickconexion.com\/politicas-de-cookies\/\"]}]},{\"@type\":\"BreadcrumbList\",\"@id\":\"https:\/\/clickconexion.com\/politicas-de-cookies\/#breadcrumb\",\"itemListElement\":[{\"@type\":\"ListItem\",\"position\":1,\"name\":\"Portada\",\"item\":\"https:\/\/clickconexion.com\/\"},{\"@type\":\"ListItem\",\"position\":2,\"name\":\"Pol\u00edticas de Cookies\"}]},{\"@type\":\"WebSite\",\"@id\":\"https:\/\/clickconexion.com\/#website\",\"url\":\"https:\/\/clickconexion.com\/\",\"name\":\"Click Conexi\u00f3n\",\"description\":\"Herramientas para el futuro, cursos, capacitaciones y entrenamiento.\",\"publisher\":{\"@id\":\"https:\/\/clickconexion.com\/#organization\"},\"alternateName\":\"ClickConexion\",\"potentialAction\":[{\"@type\":\"SearchAction\",\"target\":{\"@type\":\"EntryPoint\",\"urlTemplate\":\"https:\/\/clickconexion.com\/?s={search_term_string}\"},\"query-input\":{\"@type\":\"PropertyValueSpecification\",\"valueRequired\":true,\"valueName\":\"search_term_string\"}}],\"inLanguage\":\"en-US\"},{\"@type\":\"Organization\",\"@id\":\"https:\/\/clickconexion.com\/#organization\",\"name\":\"Click Conexi\u00f3n\",\"alternateName\":\"ClickConexion\",\"url\":\"https:\/\/clickconexion.com\/\",\"logo\":{\"@type\":\"ImageObject\",\"inLanguage\":\"en-US\",\"@id\":\"https:\/\/clickconexion.com\/#\/schema\/logo\/image\/\",\"url\":\"https:\/\/clickconexion.com\/wp-content\/uploads\/2023\/08\/cropped-favicon-1-1-511x511.png\",\"contentUrl\":\"https:\/\/clickconexion.com\/wp-content\/uploads\/2023\/08\/cropped-favicon-1-1-511x511.png\",\"width\":512,\"height\":512,\"caption\":\"Click Conexi\u00f3n\"},\"image\":{\"@id\":\"https:\/\/clickconexion.com\/#\/schema\/logo\/image\/\"},\"sameAs\":[\"https:\/\/www.facebook.com\/clickconexionx\",\"https:\/\/x.com\/clickconexion_\"]}]}<\/script>\n<!-- \/ Yoast SEO plugin. -->","yoast_head_json":{"title":"Pol\u00edticas de Cookies - Click Conexi\u00f3n","robots":{"index":"index","follow":"follow","max-snippet":"max-snippet:-1","max-image-preview":"max-image-preview:large","max-video-preview":"max-video-preview:-1"},"canonical":"https:\/\/clickconexion.com\/en\/politicas-de-cookies\/","og_locale":"en_US","og_type":"article","og_title":"Pol\u00edticas de Cookies - Click Conexi\u00f3n","og_description":"Pol\u00edticas de Cookie Al igual que muchos sitios web y aplicaciones, nuestro dominio web ClickConexion.com utiliza cookies y otras tecnolog\u00edas Al igual que muchos sitios web y aplicaciones, nuestro dominio web ClickConexion.com utiliza cookies y otras tecnolog\u00edas, como contadores de visitas, almacenamiento web, etc. a trav\u00e9s de las cuales nosotros recopilamos y procesan datos personales [&hellip;]","og_url":"https:\/\/clickconexion.com\/en\/politicas-de-cookies\/","og_site_name":"Click Conexi\u00f3n","article_publisher":"https:\/\/www.facebook.com\/clickconexionx","article_modified_time":"2024-03-16T23:38:49+00:00","og_image":[{"width":626,"height":352,"url":"https:\/\/clickconexion.com\/wp-content\/uploads\/2023\/08\/Referido2.jpg","type":"image\/jpeg"}],"twitter_card":"summary_large_image","twitter_site":"@clickconexion_","twitter_misc":{"Est. reading time":"1 minute"},"schema":{"@context":"https:\/\/schema.org","@graph":[{"@type":"WebPage","@id":"https:\/\/clickconexion.com\/politicas-de-cookies\/","url":"https:\/\/clickconexion.com\/politicas-de-cookies\/","name":"Pol\u00edticas de Cookies - Click Conexi\u00f3n","isPartOf":{"@id":"https:\/\/clickconexion.com\/#website"},"datePublished":"2024-03-16T23:30:11+00:00","dateModified":"2024-03-16T23:38:49+00:00","breadcrumb":{"@id":"https:\/\/clickconexion.com\/politicas-de-cookies\/#breadcrumb"},"inLanguage":"en-US","potentialAction":[{"@type":"ReadAction","target":["https:\/\/clickconexion.com\/politicas-de-cookies\/"]}]},{"@type":"BreadcrumbList","@id":"https:\/\/clickconexion.com\/politicas-de-cookies\/#breadcrumb","itemListElement":[{"@type":"ListItem","position":1,"name":"Portada","item":"https:\/\/clickconexion.com\/"},{"@type":"ListItem","position":2,"name":"Pol\u00edticas de Cookies"}]},{"@type":"WebSite","@id":"https:\/\/clickconexion.com\/#website","url":"https:\/\/clickconexion.com\/","name":"Click Connection","description":"Tools for the future, courses, training and training.","publisher":{"@id":"https:\/\/clickconexion.com\/#organization"},"alternateName":"ClickConexion","potentialAction":[{"@type":"SearchAction","target":{"@type":"EntryPoint","urlTemplate":"https:\/\/clickconexion.com\/?s={search_term_string}"},"query-input":{"@type":"PropertyValueSpecification","valueRequired":true,"valueName":"search_term_string"}}],"inLanguage":"en-US"},{"@type":"Organization","@id":"https:\/\/clickconexion.com\/#organization","name":"Click Connection","alternateName":"ClickConexion","url":"https:\/\/clickconexion.com\/","logo":{"@type":"ImageObject","inLanguage":"en-US","@id":"https:\/\/clickconexion.com\/#\/schema\/logo\/image\/","url":"https:\/\/clickconexion.com\/wp-content\/uploads\/2023\/08\/cropped-favicon-1-1-511x511.png","contentUrl":"https:\/\/clickconexion.com\/wp-content\/uploads\/2023\/08\/cropped-favicon-1-1-511x511.png","width":512,"height":512,"caption":"Click Conexi\u00f3n"},"image":{"@id":"https:\/\/clickconexion.com\/#\/schema\/logo\/image\/"},"sameAs":["https:\/\/www.facebook.com\/clickconexionx","https:\/\/x.com\/clickconexion_"]}]}},"_links":{"self":[{"href":"https:\/\/clickconexion.com\/en\/wp-json\/wp\/v2\/pages\/28760","targetHints":{"allow":["GET"]}}],"collection":[{"href":"https:\/\/clickconexion.com\/en\/wp-json\/wp\/v2\/pages"}],"about":[{"href":"https:\/\/clickconexion.com\/en\/wp-json\/wp\/v2\/types\/page"}],"author":[{"embeddable":true,"href":"https:\/\/clickconexion.com\/en\/wp-json\/wp\/v2\/users\/1"}],"replies":[{"embeddable":true,"href":"https:\/\/clickconexion.com\/en\/wp-json\/wp\/v2\/comments?post=28760"}],"version-history":[{"count":8,"href":"https:\/\/clickconexion.com\/en\/wp-json\/wp\/v2\/pages\/28760\/revisions"}],"predecessor-version":[{"id":28768,"href":"https:\/\/clickconexion.com\/en\/wp-json\/wp\/v2\/pages\/28760\/revisions\/28768"}],"wp:attachment":[{"href":"https:\/\/clickconexion.com\/en\/wp-json\/wp\/v2\/media?parent=28760"}],"curies":[{"name":"wp","href":"https:\/\/api.w.org\/{rel}","templated":true}]}}