{"id":3,"date":"2023-08-11T01:38:11","date_gmt":"2023-08-11T01:38:11","guid":{"rendered":"http:\/\/34.95.245.63\/?page_id=3"},"modified":"2023-09-26T03:24:33","modified_gmt":"2023-09-26T08:24:33","slug":"privacy-policy","status":"publish","type":"page","link":"https:\/\/clickconexion.com\/en\/privacy-policy\/","title":{"rendered":"Privacy policies"},"content":{"rendered":"<p>We collect information from you during the checkout process in our store. <\/p>\n\n\n\n<p><strong>What we collect and store<\/strong><\/p>\n\n\n\n<p>While you visit our site we will track:<\/p>\n\n\n\n<ul class=\"wp-block-list\">\n<li>Products you have viewed: We will use them to, for example, show you products you have recently viewed<\/li>\n\n\n\n<li>Location, IP address and browser type: we will use this for purposes such as estimating taxes and shipping costs<\/li>\n\n\n\n<li>Shipping address: We will ask you to provide this so that we can, for example, estimate the cost of shipping before you place an order, and ship the order to you!<\/li>\n<\/ul>\n\n\n\n<p><strong>We also use cookies to track cart contents as you navigate our site.<\/strong><\/p>\n\n\n\n<p>When you purchase something from us we ask you to provide information including your name, billing address, shipping address, email address, phone number, credit\/payment card details and optional additional information such as username and password. password. We will use this information for purposes such as:<\/p>\n\n\n\n<ul class=\"wp-block-list\">\n<li>Send you information about your account and order<\/li>\n\n\n\n<li>Respond to your requests, including refunds and complaints<\/li>\n\n\n\n<li>Process payments and prevent fraud<\/li>\n\n\n\n<li>Set up your account for our store<\/li>\n\n\n\n<li>Comply with any legal obligations we have, such as tax calculations<\/li>\n\n\n\n<li>Improve our store offers<\/li>\n\n\n\n<li>Send you promotional messages, if you choose to receive them<\/li>\n<\/ul>\n\n\n\n<p><strong>If you create an account we will store your name, address, email and phone number, which we will use for the payment process and future orders.<\/strong><\/p>\n\n\n\n<p>We typically store information about you for as long as we need the information for the purposes for which we collect and use it, and we are not legally required to continue storing it. For example, we will store order information for XXX years for tax and accounting purposes. This includes your name, email address, and billing and shipping addresses.<\/p>\n\n\n\n<p>We also store comments or ratings, if you choose to leave them.<\/p>\n\n\n\n<p><strong>Who on our team has access?<\/strong><\/p>\n\n\n\n<p>Our team members have access to the information you offer us. For example, administrators and store managers can access:<\/p>\n\n\n\n<ul class=\"wp-block-list\">\n<li>Order information, such as what was purchased, when it was purchased, and where it should be shipped, and<\/li>\n\n\n\n<li>Customer information, such as your name, email address, and billing and shipping information.<\/li>\n<\/ul>\n\n\n\n<p>Our team members have access to this information to help fulfill orders, process refunds, and support you.<\/p>\n\n\n\n<p><strong>What we share with others<\/strong><\/p>\n\n\n\n<p>We share information with others, who help us deliver our orders and manage services for you; For example.<\/p>\n\n\n\n<p><strong>Payments<\/strong><\/p>\n\n\n\n<p>We accept payments through PayPal. When processing payments some of your data will be passed to PayPal, including information required to process or support the payment, such as your purchase total and billing information.<\/p>\n\n\n\n<p>Please check the\u00a0<a href=\"https:\/\/www.paypal.com\/es\/webapps\/mpp\/ua\/privacy-full\">PayPal privacy policy<\/a>\u00a0for more details.<\/p>","protected":false},"excerpt":{"rendered":"<p>Recopilamos informaci\u00f3n tuya durante el proceso de pago en nuestra tienda. Lo que recopilamos y almacenamos Mientras visitas nuestro sitio realizaremos el seguimiento de: Tambi\u00e9n usamos cookies para realizar el seguimiento de los contenidos del carrito mientras navegas por nuestro sitio. Cuando nos compras algo te pedimos que facilites informaci\u00f3n que incluye tu nombre, direcci\u00f3n [&hellip;]<\/p>\n","protected":false},"author":1,"featured_media":0,"parent":0,"menu_order":0,"comment_status":"closed","ping_status":"open","template":"","meta":{"_ppp_document_settings_meta":"","_joinchat":[],"footnotes":"[]"},"class_list":["post-3","page","type-page","status-publish","hentry"],"yoast_head":"<!-- This site is optimized with the Yoast SEO plugin v25.5 - https:\/\/yoast.com\/wordpress\/plugins\/seo\/ -->\n<title>Pol\u00edticas de Privacidad - Click Conexi\u00f3n<\/title>\n<meta name=\"robots\" content=\"index, follow, max-snippet:-1, max-image-preview:large, max-video-preview:-1\" \/>\n<link rel=\"canonical\" href=\"https:\/\/clickconexion.com\/en\/privacy-policy\/\" \/>\n<meta property=\"og:locale\" content=\"en_US\" \/>\n<meta property=\"og:type\" content=\"article\" \/>\n<meta property=\"og:title\" content=\"Pol\u00edticas de Privacidad - Click Conexi\u00f3n\" \/>\n<meta property=\"og:description\" content=\"Recopilamos informaci\u00f3n tuya durante el proceso de pago en nuestra tienda. Lo que recopilamos y almacenamos Mientras visitas nuestro sitio realizaremos el seguimiento de: Tambi\u00e9n usamos cookies para realizar el seguimiento de los contenidos del carrito mientras navegas por nuestro sitio. Cuando nos compras algo te pedimos que facilites informaci\u00f3n que incluye tu nombre, direcci\u00f3n [&hellip;]\" \/>\n<meta property=\"og:url\" content=\"https:\/\/clickconexion.com\/en\/privacy-policy\/\" \/>\n<meta property=\"og:site_name\" content=\"Click Conexi\u00f3n\" \/>\n<meta property=\"article:publisher\" content=\"https:\/\/www.facebook.com\/clickconexionx\" \/>\n<meta property=\"article:modified_time\" content=\"2023-09-26T08:24:33+00:00\" \/>\n<meta property=\"og:image\" content=\"https:\/\/clickconexion.com\/wp-content\/uploads\/2023\/08\/Referido2.jpg\" \/>\n\t<meta property=\"og:image:width\" content=\"626\" \/>\n\t<meta property=\"og:image:height\" content=\"352\" \/>\n\t<meta property=\"og:image:type\" content=\"image\/jpeg\" \/>\n<meta name=\"twitter:card\" content=\"summary_large_image\" \/>\n<meta name=\"twitter:site\" content=\"@clickconexion_\" \/>\n<meta name=\"twitter:label1\" content=\"Est. reading time\" \/>\n\t<meta name=\"twitter:data1\" content=\"3 minutes\" \/>\n<script type=\"application\/ld+json\" class=\"yoast-schema-graph\">{\"@context\":\"https:\/\/schema.org\",\"@graph\":[{\"@type\":\"WebPage\",\"@id\":\"https:\/\/clickconexion.com\/privacy-policy\/\",\"url\":\"https:\/\/clickconexion.com\/privacy-policy\/\",\"name\":\"Pol\u00edticas de Privacidad - Click Conexi\u00f3n\",\"isPartOf\":{\"@id\":\"https:\/\/clickconexion.com\/#website\"},\"datePublished\":\"2023-08-11T01:38:11+00:00\",\"dateModified\":\"2023-09-26T08:24:33+00:00\",\"breadcrumb\":{\"@id\":\"https:\/\/clickconexion.com\/privacy-policy\/#breadcrumb\"},\"inLanguage\":\"en-US\",\"potentialAction\":[{\"@type\":\"ReadAction\",\"target\":[\"https:\/\/clickconexion.com\/privacy-policy\/\"]}]},{\"@type\":\"BreadcrumbList\",\"@id\":\"https:\/\/clickconexion.com\/privacy-policy\/#breadcrumb\",\"itemListElement\":[{\"@type\":\"ListItem\",\"position\":1,\"name\":\"Portada\",\"item\":\"https:\/\/clickconexion.com\/\"},{\"@type\":\"ListItem\",\"position\":2,\"name\":\"Pol\u00edticas de Privacidad\"}]},{\"@type\":\"WebSite\",\"@id\":\"https:\/\/clickconexion.com\/#website\",\"url\":\"https:\/\/clickconexion.com\/\",\"name\":\"Click Conexi\u00f3n\",\"description\":\"Herramientas para el futuro, cursos, capacitaciones y entrenamiento.\",\"publisher\":{\"@id\":\"https:\/\/clickconexion.com\/#organization\"},\"alternateName\":\"ClickConexion\",\"potentialAction\":[{\"@type\":\"SearchAction\",\"target\":{\"@type\":\"EntryPoint\",\"urlTemplate\":\"https:\/\/clickconexion.com\/?s={search_term_string}\"},\"query-input\":{\"@type\":\"PropertyValueSpecification\",\"valueRequired\":true,\"valueName\":\"search_term_string\"}}],\"inLanguage\":\"en-US\"},{\"@type\":\"Organization\",\"@id\":\"https:\/\/clickconexion.com\/#organization\",\"name\":\"Click Conexi\u00f3n\",\"alternateName\":\"ClickConexion\",\"url\":\"https:\/\/clickconexion.com\/\",\"logo\":{\"@type\":\"ImageObject\",\"inLanguage\":\"en-US\",\"@id\":\"https:\/\/clickconexion.com\/#\/schema\/logo\/image\/\",\"url\":\"https:\/\/clickconexion.com\/wp-content\/uploads\/2023\/08\/cropped-favicon-1-1-511x511.png\",\"contentUrl\":\"https:\/\/clickconexion.com\/wp-content\/uploads\/2023\/08\/cropped-favicon-1-1-511x511.png\",\"width\":512,\"height\":512,\"caption\":\"Click Conexi\u00f3n\"},\"image\":{\"@id\":\"https:\/\/clickconexion.com\/#\/schema\/logo\/image\/\"},\"sameAs\":[\"https:\/\/www.facebook.com\/clickconexionx\",\"https:\/\/x.com\/clickconexion_\"]}]}<\/script>\n<!-- \/ Yoast SEO plugin. -->","yoast_head_json":{"title":"Privacy Policies - Click Connection","robots":{"index":"index","follow":"follow","max-snippet":"max-snippet:-1","max-image-preview":"max-image-preview:large","max-video-preview":"max-video-preview:-1"},"canonical":"https:\/\/clickconexion.com\/en\/privacy-policy\/","og_locale":"en_US","og_type":"article","og_title":"Pol\u00edticas de Privacidad - Click Conexi\u00f3n","og_description":"Recopilamos informaci\u00f3n tuya durante el proceso de pago en nuestra tienda. Lo que recopilamos y almacenamos Mientras visitas nuestro sitio realizaremos el seguimiento de: Tambi\u00e9n usamos cookies para realizar el seguimiento de los contenidos del carrito mientras navegas por nuestro sitio. Cuando nos compras algo te pedimos que facilites informaci\u00f3n que incluye tu nombre, direcci\u00f3n [&hellip;]","og_url":"https:\/\/clickconexion.com\/en\/privacy-policy\/","og_site_name":"Click Conexi\u00f3n","article_publisher":"https:\/\/www.facebook.com\/clickconexionx","article_modified_time":"2023-09-26T08:24:33+00:00","og_image":[{"width":626,"height":352,"url":"https:\/\/clickconexion.com\/wp-content\/uploads\/2023\/08\/Referido2.jpg","type":"image\/jpeg"}],"twitter_card":"summary_large_image","twitter_site":"@clickconexion_","twitter_misc":{"Est. reading time":"3 minutes"},"schema":{"@context":"https:\/\/schema.org","@graph":[{"@type":"WebPage","@id":"https:\/\/clickconexion.com\/privacy-policy\/","url":"https:\/\/clickconexion.com\/privacy-policy\/","name":"Privacy Policies - Click Connection","isPartOf":{"@id":"https:\/\/clickconexion.com\/#website"},"datePublished":"2023-08-11T01:38:11+00:00","dateModified":"2023-09-26T08:24:33+00:00","breadcrumb":{"@id":"https:\/\/clickconexion.com\/privacy-policy\/#breadcrumb"},"inLanguage":"en-US","potentialAction":[{"@type":"ReadAction","target":["https:\/\/clickconexion.com\/privacy-policy\/"]}]},{"@type":"BreadcrumbList","@id":"https:\/\/clickconexion.com\/privacy-policy\/#breadcrumb","itemListElement":[{"@type":"ListItem","position":1,"name":"Portada","item":"https:\/\/clickconexion.com\/"},{"@type":"ListItem","position":2,"name":"Pol\u00edticas de Privacidad"}]},{"@type":"WebSite","@id":"https:\/\/clickconexion.com\/#website","url":"https:\/\/clickconexion.com\/","name":"Click Connection","description":"Tools for the future, courses, training and training.","publisher":{"@id":"https:\/\/clickconexion.com\/#organization"},"alternateName":"ClickConexion","potentialAction":[{"@type":"SearchAction","target":{"@type":"EntryPoint","urlTemplate":"https:\/\/clickconexion.com\/?s={search_term_string}"},"query-input":{"@type":"PropertyValueSpecification","valueRequired":true,"valueName":"search_term_string"}}],"inLanguage":"en-US"},{"@type":"Organization","@id":"https:\/\/clickconexion.com\/#organization","name":"Click Connection","alternateName":"ClickConexion","url":"https:\/\/clickconexion.com\/","logo":{"@type":"ImageObject","inLanguage":"en-US","@id":"https:\/\/clickconexion.com\/#\/schema\/logo\/image\/","url":"https:\/\/clickconexion.com\/wp-content\/uploads\/2023\/08\/cropped-favicon-1-1-511x511.png","contentUrl":"https:\/\/clickconexion.com\/wp-content\/uploads\/2023\/08\/cropped-favicon-1-1-511x511.png","width":512,"height":512,"caption":"Click Conexi\u00f3n"},"image":{"@id":"https:\/\/clickconexion.com\/#\/schema\/logo\/image\/"},"sameAs":["https:\/\/www.facebook.com\/clickconexionx","https:\/\/x.com\/clickconexion_"]}]}},"_links":{"self":[{"href":"https:\/\/clickconexion.com\/en\/wp-json\/wp\/v2\/pages\/3","targetHints":{"allow":["GET"]}}],"collection":[{"href":"https:\/\/clickconexion.com\/en\/wp-json\/wp\/v2\/pages"}],"about":[{"href":"https:\/\/clickconexion.com\/en\/wp-json\/wp\/v2\/types\/page"}],"author":[{"embeddable":true,"href":"https:\/\/clickconexion.com\/en\/wp-json\/wp\/v2\/users\/1"}],"replies":[{"embeddable":true,"href":"https:\/\/clickconexion.com\/en\/wp-json\/wp\/v2\/comments?post=3"}],"version-history":[{"count":3,"href":"https:\/\/clickconexion.com\/en\/wp-json\/wp\/v2\/pages\/3\/revisions"}],"predecessor-version":[{"id":28437,"href":"https:\/\/clickconexion.com\/en\/wp-json\/wp\/v2\/pages\/3\/revisions\/28437"}],"wp:attachment":[{"href":"https:\/\/clickconexion.com\/en\/wp-json\/wp\/v2\/media?parent=3"}],"curies":[{"name":"wp","href":"https:\/\/api.w.org\/{rel}","templated":true}]}}