{"id":392,"date":"2018-07-26T07:17:24","date_gmt":"2018-07-26T07:17:24","guid":{"rendered":"http:\/\/lmsdemo.loc\/dark-lms\/?page_id=392"},"modified":"2024-03-21T10:08:51","modified_gmt":"2024-03-21T15:08:51","slug":"about-us","status":"publish","type":"page","link":"https:\/\/clickconexion.com\/en\/about-us\/","title":{"rendered":"About us"},"content":{"rendered":"<div data-elementor-type=\"wp-page\" data-elementor-id=\"392\" class=\"elementor elementor-392\">\n\t\t\t\t\t\t<section class=\"elementor-section elementor-top-section elementor-element elementor-element-f570f01 elementor-section-boxed elementor-section-height-default elementor-section-height-default\" data-id=\"f570f01\" data-element_type=\"section\" data-e-type=\"section\">\n\t\t\t\t\t\t<div class=\"elementor-container elementor-column-gap-default\">\n\t\t\t\t\t<div class=\"elementor-column elementor-col-50 elementor-top-column elementor-element elementor-element-31012d8\" data-id=\"31012d8\" data-element_type=\"column\" data-e-type=\"column\">\n\t\t\t<div class=\"elementor-widget-wrap elementor-element-populated\">\n\t\t\t\t\t\t<div class=\"elementor-element elementor-element-0525cdd elementor-widget elementor-widget-heading\" data-id=\"0525cdd\" data-element_type=\"widget\" data-e-type=\"widget\" data-widget_type=\"heading.default\">\n\t\t\t\t<div class=\"elementor-widget-container\">\n\t\t\t\t\t<div class=\"elementor-heading-title elementor-size-default\">Mission<\/div>\t\t\t\t<\/div>\n\t\t\t\t<\/div>\n\t\t\t\t<div class=\"elementor-element elementor-element-2151e65 elementor-widget elementor-widget-text-editor\" data-id=\"2151e65\" data-element_type=\"widget\" data-e-type=\"widget\" data-widget_type=\"text-editor.default\">\n\t\t\t\t<div class=\"elementor-widget-container\">\n\t\t\t\t\t\t\t\t\t<p>Our goal is to ensure that each person who takes one of our courses learns quickly and practically how to generate resources in the shortest possible time and in an optimal way, to improve their quality of life in the short and long term.<\/p>\n\t\t\t\t\t\t\t\t<\/div>\n\t\t\t\t<\/div>\n\t\t\t\t\t<\/div>\n\t\t<\/div>\n\t\t\t\t<div class=\"elementor-column elementor-col-50 elementor-top-column elementor-element elementor-element-98ce8ab\" data-id=\"98ce8ab\" data-element_type=\"column\" data-e-type=\"column\" data-settings=\"{&quot;background_background&quot;:&quot;slideshow&quot;,&quot;background_slideshow_gallery&quot;:[],&quot;background_slideshow_loop&quot;:&quot;yes&quot;,&quot;background_slideshow_slide_duration&quot;:5000,&quot;background_slideshow_slide_transition&quot;:&quot;fade&quot;,&quot;background_slideshow_transition_duration&quot;:500}\">\n\t\t\t<div class=\"elementor-widget-wrap elementor-element-populated\">\n\t\t\t\t\t\t<div class=\"elementor-element elementor-element-fe3283b elementor-widget elementor-widget-image\" data-id=\"fe3283b\" data-element_type=\"widget\" data-e-type=\"widget\" data-widget_type=\"image.default\">\n\t\t\t\t<div class=\"elementor-widget-container\">\n\t\t\t\t\t\t\t\t\t\t\t\t\t\t\t<img fetchpriority=\"high\" decoding=\"async\" width=\"1024\" height=\"1024\" src=\"https:\/\/clickconexion.com\/wp-content\/uploads\/2024\/03\/MISION-1024x1024.png\" class=\"attachment-large size-large wp-image-28774\" alt=\"\" srcset=\"https:\/\/clickconexion.com\/wp-content\/uploads\/2024\/03\/MISION-1024x1024.png 1024w, https:\/\/clickconexion.com\/wp-content\/uploads\/2024\/03\/MISION-300x300.png 300w, https:\/\/clickconexion.com\/wp-content\/uploads\/2024\/03\/MISION-150x150.png 150w, https:\/\/clickconexion.com\/wp-content\/uploads\/2024\/03\/MISION-768x768.png 768w, https:\/\/clickconexion.com\/wp-content\/uploads\/2024\/03\/MISION-1536x1536.png 1536w, https:\/\/clickconexion.com\/wp-content\/uploads\/2024\/03\/MISION-2048x2048.png 2048w, https:\/\/clickconexion.com\/wp-content\/uploads\/2024\/03\/MISION-12x12.png 12w, https:\/\/clickconexion.com\/wp-content\/uploads\/2024\/03\/MISION-75x75.png 75w, https:\/\/clickconexion.com\/wp-content\/uploads\/2024\/03\/MISION-129x129.png 129w, https:\/\/clickconexion.com\/wp-content\/uploads\/2024\/03\/MISION-69x69.png 69w, https:\/\/clickconexion.com\/wp-content\/uploads\/2024\/03\/MISION-600x600.png 600w, https:\/\/clickconexion.com\/wp-content\/uploads\/2024\/03\/MISION-100x100.png 100w\" sizes=\"(max-width: 1024px) 100vw, 1024px\" \/>\t\t\t\t\t\t\t\t\t\t\t\t\t\t\t<\/div>\n\t\t\t\t<\/div>\n\t\t\t\t\t<\/div>\n\t\t<\/div>\n\t\t\t\t\t<\/div>\n\t\t<\/section>\n\t\t\t\t<section class=\"elementor-section elementor-top-section elementor-element elementor-element-849f62a elementor-section-boxed elementor-section-height-default elementor-section-height-default\" data-id=\"849f62a\" data-element_type=\"section\" data-e-type=\"section\">\n\t\t\t\t\t\t<div class=\"elementor-container elementor-column-gap-default\">\n\t\t\t\t\t<div class=\"elementor-column elementor-col-100 elementor-top-column elementor-element elementor-element-b8d011f\" data-id=\"b8d011f\" data-element_type=\"column\" data-e-type=\"column\">\n\t\t\t<div class=\"elementor-widget-wrap elementor-element-populated\">\n\t\t\t\t\t\t<div class=\"elementor-element elementor-element-df9c19a elementor-widget elementor-widget-stm_color_separator\" data-id=\"df9c19a\" data-element_type=\"widget\" data-e-type=\"widget\" data-widget_type=\"stm_color_separator.default\">\n\t\t\t\t<div class=\"elementor-widget-container\">\n\t\t\t\t\t\n<div class=\"stm_colored_separator masterstudy_elementor_color_separator_ module__9e643fbe486b02a7191e154ba7a8e416\">\n\t<div class=\"triangled_colored_separator\">\n\t\t<div class=\"triangle\"><\/div>\n\t<\/div>\n<\/div>\n\t\t\t\t<\/div>\n\t\t\t\t<\/div>\n\t\t\t\t\t<\/div>\n\t\t<\/div>\n\t\t\t\t\t<\/div>\n\t\t<\/section>\n\t\t\t\t<section class=\"elementor-section elementor-top-section elementor-element elementor-element-910effd elementor-section-boxed elementor-section-height-default elementor-section-height-default\" data-id=\"910effd\" data-element_type=\"section\" data-e-type=\"section\">\n\t\t\t\t\t\t<div class=\"elementor-container elementor-column-gap-default\">\n\t\t\t\t\t<div class=\"elementor-column elementor-col-50 elementor-top-column elementor-element elementor-element-6b69c89\" data-id=\"6b69c89\" data-element_type=\"column\" data-e-type=\"column\" data-settings=\"{&quot;background_background&quot;:&quot;slideshow&quot;,&quot;background_slideshow_gallery&quot;:[],&quot;background_slideshow_loop&quot;:&quot;yes&quot;,&quot;background_slideshow_slide_duration&quot;:5000,&quot;background_slideshow_slide_transition&quot;:&quot;fade&quot;,&quot;background_slideshow_transition_duration&quot;:500}\">\n\t\t\t<div class=\"elementor-widget-wrap elementor-element-populated\">\n\t\t\t\t\t\t<div class=\"elementor-element elementor-element-a8b6819 elementor-widget elementor-widget-image\" data-id=\"a8b6819\" data-element_type=\"widget\" data-e-type=\"widget\" data-widget_type=\"image.default\">\n\t\t\t\t<div class=\"elementor-widget-container\">\n\t\t\t\t\t\t\t\t\t\t\t\t\t\t\t<img decoding=\"async\" width=\"1024\" height=\"1024\" src=\"https:\/\/clickconexion.com\/wp-content\/uploads\/2024\/03\/VISION-1024x1024.png\" class=\"attachment-large size-large wp-image-28776\" alt=\"\" srcset=\"https:\/\/clickconexion.com\/wp-content\/uploads\/2024\/03\/VISION-1024x1024.png 1024w, https:\/\/clickconexion.com\/wp-content\/uploads\/2024\/03\/VISION-300x300.png 300w, https:\/\/clickconexion.com\/wp-content\/uploads\/2024\/03\/VISION-150x150.png 150w, https:\/\/clickconexion.com\/wp-content\/uploads\/2024\/03\/VISION-768x768.png 768w, https:\/\/clickconexion.com\/wp-content\/uploads\/2024\/03\/VISION-1536x1536.png 1536w, https:\/\/clickconexion.com\/wp-content\/uploads\/2024\/03\/VISION-2048x2048.png 2048w, https:\/\/clickconexion.com\/wp-content\/uploads\/2024\/03\/VISION-12x12.png 12w, https:\/\/clickconexion.com\/wp-content\/uploads\/2024\/03\/VISION-75x75.png 75w, https:\/\/clickconexion.com\/wp-content\/uploads\/2024\/03\/VISION-129x129.png 129w, https:\/\/clickconexion.com\/wp-content\/uploads\/2024\/03\/VISION-69x69.png 69w, https:\/\/clickconexion.com\/wp-content\/uploads\/2024\/03\/VISION-600x600.png 600w, https:\/\/clickconexion.com\/wp-content\/uploads\/2024\/03\/VISION-100x100.png 100w\" sizes=\"(max-width: 1024px) 100vw, 1024px\" \/>\t\t\t\t\t\t\t\t\t\t\t\t\t\t\t<\/div>\n\t\t\t\t<\/div>\n\t\t\t\t\t<\/div>\n\t\t<\/div>\n\t\t\t\t<div class=\"elementor-column elementor-col-50 elementor-top-column elementor-element elementor-element-c27274f\" data-id=\"c27274f\" data-element_type=\"column\" data-e-type=\"column\" data-settings=\"{&quot;background_background&quot;:&quot;slideshow&quot;,&quot;background_slideshow_gallery&quot;:[],&quot;background_slideshow_loop&quot;:&quot;yes&quot;,&quot;background_slideshow_slide_duration&quot;:5000,&quot;background_slideshow_slide_transition&quot;:&quot;fade&quot;,&quot;background_slideshow_transition_duration&quot;:500}\">\n\t\t\t<div class=\"elementor-widget-wrap elementor-element-populated\">\n\t\t\t\t\t\t<div class=\"elementor-element elementor-element-0084a33 elementor-widget elementor-widget-heading\" data-id=\"0084a33\" data-element_type=\"widget\" data-e-type=\"widget\" data-widget_type=\"heading.default\">\n\t\t\t\t<div class=\"elementor-widget-container\">\n\t\t\t\t\t<h2 class=\"elementor-heading-title elementor-size-default\">Vision<\/h2>\t\t\t\t<\/div>\n\t\t\t\t<\/div>\n\t\t\t\t<div class=\"elementor-element elementor-element-958d677 elementor-widget elementor-widget-text-editor\" data-id=\"958d677\" data-element_type=\"widget\" data-e-type=\"widget\" data-widget_type=\"text-editor.default\">\n\t\t\t\t<div class=\"elementor-widget-container\">\n\t\t\t\t\t\t\t\t\t<p>We will be able to position Latin America as the largest source of technology in the world, managing to educate human talent, with the greatest and best technological direction, most up-to-date, without being left behind, but on the contrary, in first place in the entire world, in the year 2030.<\/p>\n<p>\u00a0<\/p>\n\t\t\t\t\t\t\t\t<\/div>\n\t\t\t\t<\/div>\n\t\t\t\t\t<\/div>\n\t\t<\/div>\n\t\t\t\t\t<\/div>\n\t\t<\/section>\n\t\t\t\t<section class=\"elementor-section elementor-top-section elementor-element elementor-element-6a250c8 elementor-section-boxed elementor-section-height-default elementor-section-height-default\" data-id=\"6a250c8\" data-element_type=\"section\" data-e-type=\"section\">\n\t\t\t\t\t\t<div class=\"elementor-container elementor-column-gap-default\">\n\t\t\t\t\t<div class=\"elementor-column elementor-col-100 elementor-top-column elementor-element elementor-element-95ccfc1\" data-id=\"95ccfc1\" data-element_type=\"column\" data-e-type=\"column\">\n\t\t\t<div class=\"elementor-widget-wrap elementor-element-populated\">\n\t\t\t\t\t\t<div class=\"elementor-element elementor-element-9015fbb elementor-widget elementor-widget-stm_color_separator\" data-id=\"9015fbb\" data-element_type=\"widget\" data-e-type=\"widget\" data-widget_type=\"stm_color_separator.default\">\n\t\t\t\t<div class=\"elementor-widget-container\">\n\t\t\t\t\t\n<div class=\"stm_colored_separator masterstudy_elementor_color_separator_ module__9e643fbe486b02a7191e154ba7a8e416\">\n\t<div class=\"triangled_colored_separator\">\n\t\t<div class=\"triangle\"><\/div>\n\t<\/div>\n<\/div>\n\t\t\t\t<\/div>\n\t\t\t\t<\/div>\n\t\t\t\t\t<\/div>\n\t\t<\/div>\n\t\t\t\t\t<\/div>\n\t\t<\/section>\n\t\t\t\t<section class=\"elementor-section elementor-top-section elementor-element elementor-element-ca7b7ce elementor-section-boxed elementor-section-height-default elementor-section-height-default\" data-id=\"ca7b7ce\" data-element_type=\"section\" data-e-type=\"section\">\n\t\t\t\t\t\t<div class=\"elementor-container elementor-column-gap-default\">\n\t\t\t\t\t<div class=\"elementor-column elementor-col-50 elementor-top-column elementor-element elementor-element-ab00d3f\" data-id=\"ab00d3f\" data-element_type=\"column\" data-e-type=\"column\">\n\t\t\t<div class=\"elementor-widget-wrap elementor-element-populated\">\n\t\t\t\t\t\t<div class=\"elementor-element elementor-element-f9c5d13 elementor-widget elementor-widget-heading\" data-id=\"f9c5d13\" data-element_type=\"widget\" data-e-type=\"widget\" data-widget_type=\"heading.default\">\n\t\t\t\t<div class=\"elementor-widget-container\">\n\t\t\t\t\t<div class=\"elementor-heading-title elementor-size-default\">Values<\/div>\t\t\t\t<\/div>\n\t\t\t\t<\/div>\n\t\t\t\t<div class=\"elementor-element elementor-element-2b0a34f elementor-widget elementor-widget-text-editor\" data-id=\"2b0a34f\" data-element_type=\"widget\" data-e-type=\"widget\" data-widget_type=\"text-editor.default\">\n\t\t\t\t<div class=\"elementor-widget-container\">\n\t\t\t\t\t\t\t\t\t<p>We will give each collaborator the opportunity to develop their life project, hand in hand with the company, thus managing to position their idea in the shortest time possible.\u00a0<\/p>\n<p>We will provide full support to each person in the association, making it clear that we are all part of it and that we are a gear which must work at the same pace, therefore respect will be a fundamental part of this project.<\/p>\n\t\t\t\t\t\t\t\t<\/div>\n\t\t\t\t<\/div>\n\t\t\t\t\t<\/div>\n\t\t<\/div>\n\t\t\t\t<div class=\"elementor-column elementor-col-50 elementor-top-column elementor-element elementor-element-de3d701\" data-id=\"de3d701\" data-element_type=\"column\" data-e-type=\"column\" data-settings=\"{&quot;background_background&quot;:&quot;slideshow&quot;,&quot;background_slideshow_gallery&quot;:[],&quot;background_slideshow_loop&quot;:&quot;yes&quot;,&quot;background_slideshow_slide_duration&quot;:5000,&quot;background_slideshow_slide_transition&quot;:&quot;fade&quot;,&quot;background_slideshow_transition_duration&quot;:500}\">\n\t\t\t<div class=\"elementor-widget-wrap elementor-element-populated\">\n\t\t\t\t\t\t<div class=\"elementor-element elementor-element-64af853 elementor-widget elementor-widget-image\" data-id=\"64af853\" data-element_type=\"widget\" data-e-type=\"widget\" data-widget_type=\"image.default\">\n\t\t\t\t<div class=\"elementor-widget-container\">\n\t\t\t\t\t\t\t\t\t\t\t\t\t\t\t<img decoding=\"async\" width=\"1024\" height=\"1024\" src=\"https:\/\/clickconexion.com\/wp-content\/uploads\/2024\/03\/VALORES-1024x1024.png\" class=\"attachment-large size-large wp-image-28777\" alt=\"\" srcset=\"https:\/\/clickconexion.com\/wp-content\/uploads\/2024\/03\/VALORES-1024x1024.png 1024w, https:\/\/clickconexion.com\/wp-content\/uploads\/2024\/03\/VALORES-300x300.png 300w, https:\/\/clickconexion.com\/wp-content\/uploads\/2024\/03\/VALORES-150x150.png 150w, https:\/\/clickconexion.com\/wp-content\/uploads\/2024\/03\/VALORES-768x768.png 768w, https:\/\/clickconexion.com\/wp-content\/uploads\/2024\/03\/VALORES-1536x1536.png 1536w, https:\/\/clickconexion.com\/wp-content\/uploads\/2024\/03\/VALORES-2048x2048.png 2048w, https:\/\/clickconexion.com\/wp-content\/uploads\/2024\/03\/VALORES-12x12.png 12w, https:\/\/clickconexion.com\/wp-content\/uploads\/2024\/03\/VALORES-75x75.png 75w, https:\/\/clickconexion.com\/wp-content\/uploads\/2024\/03\/VALORES-129x129.png 129w, https:\/\/clickconexion.com\/wp-content\/uploads\/2024\/03\/VALORES-69x69.png 69w, https:\/\/clickconexion.com\/wp-content\/uploads\/2024\/03\/VALORES-600x600.png 600w, https:\/\/clickconexion.com\/wp-content\/uploads\/2024\/03\/VALORES-100x100.png 100w\" sizes=\"(max-width: 1024px) 100vw, 1024px\" \/>\t\t\t\t\t\t\t\t\t\t\t\t\t\t\t<\/div>\n\t\t\t\t<\/div>\n\t\t\t\t\t<\/div>\n\t\t<\/div>\n\t\t\t\t\t<\/div>\n\t\t<\/section>\n\t\t\t\t<\/div>","protected":false},"excerpt":{"rendered":"<p>Misi\u00f3n Nuestro objetivo es poder lograr que cada persona que tome alguno de nuestros cursos, aprenda de forma r\u00e1pida y pr\u00e1ctica, c\u00f3mo generar recursos en el menor tiempo posible y de manera \u00f3ptima, para mejorar su calidad de vida a corto y largo plazo. Visi\u00f3n Lograremos posicionar a Am\u00e9rica Latina como la mayor fuente de [&hellip;]<\/p>\n","protected":false},"author":1,"featured_media":0,"parent":0,"menu_order":0,"comment_status":"closed","ping_status":"closed","template":"","meta":{"_ppp_document_settings_meta":"","_joinchat":[],"footnotes":""},"class_list":["post-392","page","type-page","status-publish","hentry"],"yoast_head":"<!-- This site is optimized with the Yoast SEO plugin v25.5 - https:\/\/yoast.com\/wordpress\/plugins\/seo\/ -->\n<title>Quienes Somos - Click Conexi\u00f3n<\/title>\n<meta name=\"robots\" content=\"index, follow, max-snippet:-1, max-image-preview:large, max-video-preview:-1\" \/>\n<link rel=\"canonical\" href=\"https:\/\/clickconexion.com\/en\/about-us\/\" \/>\n<meta property=\"og:locale\" content=\"en_US\" \/>\n<meta property=\"og:type\" content=\"article\" \/>\n<meta property=\"og:title\" content=\"Quienes Somos - Click Conexi\u00f3n\" \/>\n<meta property=\"og:description\" content=\"Misi\u00f3n Nuestro objetivo es poder lograr que cada persona que tome alguno de nuestros cursos, aprenda de forma r\u00e1pida y pr\u00e1ctica, c\u00f3mo generar recursos en el menor tiempo posible y de manera \u00f3ptima, para mejorar su calidad de vida a corto y largo plazo. Visi\u00f3n Lograremos posicionar a Am\u00e9rica Latina como la mayor fuente de [&hellip;]\" \/>\n<meta property=\"og:url\" content=\"https:\/\/clickconexion.com\/en\/about-us\/\" \/>\n<meta property=\"og:site_name\" content=\"Click Conexi\u00f3n\" \/>\n<meta property=\"article:publisher\" content=\"https:\/\/www.facebook.com\/clickconexionx\" \/>\n<meta property=\"article:modified_time\" content=\"2024-03-21T15:08:51+00:00\" \/>\n<meta property=\"og:image\" content=\"https:\/\/clickconexion.com\/wp-content\/uploads\/2024\/03\/MISION-1024x1024.png\" \/>\n<meta name=\"twitter:card\" content=\"summary_large_image\" \/>\n<meta name=\"twitter:site\" content=\"@clickconexion_\" \/>\n<meta name=\"twitter:label1\" content=\"Est. reading time\" \/>\n\t<meta name=\"twitter:data1\" content=\"2 minutes\" \/>\n<script type=\"application\/ld+json\" class=\"yoast-schema-graph\">{\"@context\":\"https:\/\/schema.org\",\"@graph\":[{\"@type\":\"WebPage\",\"@id\":\"https:\/\/clickconexion.com\/about-us\/\",\"url\":\"https:\/\/clickconexion.com\/about-us\/\",\"name\":\"Quienes Somos - Click Conexi\u00f3n\",\"isPartOf\":{\"@id\":\"https:\/\/clickconexion.com\/#website\"},\"primaryImageOfPage\":{\"@id\":\"https:\/\/clickconexion.com\/about-us\/#primaryimage\"},\"image\":{\"@id\":\"https:\/\/clickconexion.com\/about-us\/#primaryimage\"},\"thumbnailUrl\":\"https:\/\/clickconexion.com\/wp-content\/uploads\/2024\/03\/MISION-1024x1024.png\",\"datePublished\":\"2018-07-26T07:17:24+00:00\",\"dateModified\":\"2024-03-21T15:08:51+00:00\",\"breadcrumb\":{\"@id\":\"https:\/\/clickconexion.com\/about-us\/#breadcrumb\"},\"inLanguage\":\"en-US\",\"potentialAction\":[{\"@type\":\"ReadAction\",\"target\":[\"https:\/\/clickconexion.com\/about-us\/\"]}]},{\"@type\":\"ImageObject\",\"inLanguage\":\"en-US\",\"@id\":\"https:\/\/clickconexion.com\/about-us\/#primaryimage\",\"url\":\"https:\/\/clickconexion.com\/wp-content\/uploads\/2024\/03\/MISION-1024x1024.png\",\"contentUrl\":\"https:\/\/clickconexion.com\/wp-content\/uploads\/2024\/03\/MISION-1024x1024.png\"},{\"@type\":\"BreadcrumbList\",\"@id\":\"https:\/\/clickconexion.com\/about-us\/#breadcrumb\",\"itemListElement\":[{\"@type\":\"ListItem\",\"position\":1,\"name\":\"Portada\",\"item\":\"https:\/\/clickconexion.com\/\"},{\"@type\":\"ListItem\",\"position\":2,\"name\":\"Quienes Somos\"}]},{\"@type\":\"WebSite\",\"@id\":\"https:\/\/clickconexion.com\/#website\",\"url\":\"https:\/\/clickconexion.com\/\",\"name\":\"Click Conexi\u00f3n\",\"description\":\"Herramientas para el futuro, cursos, capacitaciones y entrenamiento.\",\"publisher\":{\"@id\":\"https:\/\/clickconexion.com\/#organization\"},\"alternateName\":\"ClickConexion\",\"potentialAction\":[{\"@type\":\"SearchAction\",\"target\":{\"@type\":\"EntryPoint\",\"urlTemplate\":\"https:\/\/clickconexion.com\/?s={search_term_string}\"},\"query-input\":{\"@type\":\"PropertyValueSpecification\",\"valueRequired\":true,\"valueName\":\"search_term_string\"}}],\"inLanguage\":\"en-US\"},{\"@type\":\"Organization\",\"@id\":\"https:\/\/clickconexion.com\/#organization\",\"name\":\"Click Conexi\u00f3n\",\"alternateName\":\"ClickConexion\",\"url\":\"https:\/\/clickconexion.com\/\",\"logo\":{\"@type\":\"ImageObject\",\"inLanguage\":\"en-US\",\"@id\":\"https:\/\/clickconexion.com\/#\/schema\/logo\/image\/\",\"url\":\"https:\/\/clickconexion.com\/wp-content\/uploads\/2023\/08\/cropped-favicon-1-1-511x511.png\",\"contentUrl\":\"https:\/\/clickconexion.com\/wp-content\/uploads\/2023\/08\/cropped-favicon-1-1-511x511.png\",\"width\":512,\"height\":512,\"caption\":\"Click Conexi\u00f3n\"},\"image\":{\"@id\":\"https:\/\/clickconexion.com\/#\/schema\/logo\/image\/\"},\"sameAs\":[\"https:\/\/www.facebook.com\/clickconexionx\",\"https:\/\/x.com\/clickconexion_\"]}]}<\/script>\n<!-- \/ Yoast SEO plugin. -->","yoast_head_json":{"title":"Quienes Somos - Click Conexi\u00f3n","robots":{"index":"index","follow":"follow","max-snippet":"max-snippet:-1","max-image-preview":"max-image-preview:large","max-video-preview":"max-video-preview:-1"},"canonical":"https:\/\/clickconexion.com\/en\/about-us\/","og_locale":"en_US","og_type":"article","og_title":"Quienes Somos - Click Conexi\u00f3n","og_description":"Misi\u00f3n Nuestro objetivo es poder lograr que cada persona que tome alguno de nuestros cursos, aprenda de forma r\u00e1pida y pr\u00e1ctica, c\u00f3mo generar recursos en el menor tiempo posible y de manera \u00f3ptima, para mejorar su calidad de vida a corto y largo plazo. Visi\u00f3n Lograremos posicionar a Am\u00e9rica Latina como la mayor fuente de [&hellip;]","og_url":"https:\/\/clickconexion.com\/en\/about-us\/","og_site_name":"Click Conexi\u00f3n","article_publisher":"https:\/\/www.facebook.com\/clickconexionx","article_modified_time":"2024-03-21T15:08:51+00:00","og_image":[{"url":"https:\/\/clickconexion.com\/wp-content\/uploads\/2024\/03\/MISION-1024x1024.png","type":"","width":"","height":""}],"twitter_card":"summary_large_image","twitter_site":"@clickconexion_","twitter_misc":{"Est. reading time":"2 minutes"},"schema":{"@context":"https:\/\/schema.org","@graph":[{"@type":"WebPage","@id":"https:\/\/clickconexion.com\/about-us\/","url":"https:\/\/clickconexion.com\/about-us\/","name":"Quienes Somos - Click Conexi\u00f3n","isPartOf":{"@id":"https:\/\/clickconexion.com\/#website"},"primaryImageOfPage":{"@id":"https:\/\/clickconexion.com\/about-us\/#primaryimage"},"image":{"@id":"https:\/\/clickconexion.com\/about-us\/#primaryimage"},"thumbnailUrl":"https:\/\/clickconexion.com\/wp-content\/uploads\/2024\/03\/MISION-1024x1024.png","datePublished":"2018-07-26T07:17:24+00:00","dateModified":"2024-03-21T15:08:51+00:00","breadcrumb":{"@id":"https:\/\/clickconexion.com\/about-us\/#breadcrumb"},"inLanguage":"en-US","potentialAction":[{"@type":"ReadAction","target":["https:\/\/clickconexion.com\/about-us\/"]}]},{"@type":"ImageObject","inLanguage":"en-US","@id":"https:\/\/clickconexion.com\/about-us\/#primaryimage","url":"https:\/\/clickconexion.com\/wp-content\/uploads\/2024\/03\/MISION-1024x1024.png","contentUrl":"https:\/\/clickconexion.com\/wp-content\/uploads\/2024\/03\/MISION-1024x1024.png"},{"@type":"BreadcrumbList","@id":"https:\/\/clickconexion.com\/about-us\/#breadcrumb","itemListElement":[{"@type":"ListItem","position":1,"name":"Portada","item":"https:\/\/clickconexion.com\/"},{"@type":"ListItem","position":2,"name":"Quienes Somos"}]},{"@type":"WebSite","@id":"https:\/\/clickconexion.com\/#website","url":"https:\/\/clickconexion.com\/","name":"Click Connection","description":"Tools for the future, courses, training and training.","publisher":{"@id":"https:\/\/clickconexion.com\/#organization"},"alternateName":"ClickConexion","potentialAction":[{"@type":"SearchAction","target":{"@type":"EntryPoint","urlTemplate":"https:\/\/clickconexion.com\/?s={search_term_string}"},"query-input":{"@type":"PropertyValueSpecification","valueRequired":true,"valueName":"search_term_string"}}],"inLanguage":"en-US"},{"@type":"Organization","@id":"https:\/\/clickconexion.com\/#organization","name":"Click Connection","alternateName":"ClickConexion","url":"https:\/\/clickconexion.com\/","logo":{"@type":"ImageObject","inLanguage":"en-US","@id":"https:\/\/clickconexion.com\/#\/schema\/logo\/image\/","url":"https:\/\/clickconexion.com\/wp-content\/uploads\/2023\/08\/cropped-favicon-1-1-511x511.png","contentUrl":"https:\/\/clickconexion.com\/wp-content\/uploads\/2023\/08\/cropped-favicon-1-1-511x511.png","width":512,"height":512,"caption":"Click Conexi\u00f3n"},"image":{"@id":"https:\/\/clickconexion.com\/#\/schema\/logo\/image\/"},"sameAs":["https:\/\/www.facebook.com\/clickconexionx","https:\/\/x.com\/clickconexion_"]}]}},"_links":{"self":[{"href":"https:\/\/clickconexion.com\/en\/wp-json\/wp\/v2\/pages\/392","targetHints":{"allow":["GET"]}}],"collection":[{"href":"https:\/\/clickconexion.com\/en\/wp-json\/wp\/v2\/pages"}],"about":[{"href":"https:\/\/clickconexion.com\/en\/wp-json\/wp\/v2\/types\/page"}],"author":[{"embeddable":true,"href":"https:\/\/clickconexion.com\/en\/wp-json\/wp\/v2\/users\/1"}],"replies":[{"embeddable":true,"href":"https:\/\/clickconexion.com\/en\/wp-json\/wp\/v2\/comments?post=392"}],"version-history":[{"count":36,"href":"https:\/\/clickconexion.com\/en\/wp-json\/wp\/v2\/pages\/392\/revisions"}],"predecessor-version":[{"id":28780,"href":"https:\/\/clickconexion.com\/en\/wp-json\/wp\/v2\/pages\/392\/revisions\/28780"}],"wp:attachment":[{"href":"https:\/\/clickconexion.com\/en\/wp-json\/wp\/v2\/media?parent=392"}],"curies":[{"name":"wp","href":"https:\/\/api.w.org\/{rel}","templated":true}]}}