{"id":413,"date":"2018-07-26T12:16:19","date_gmt":"2018-07-26T17:16:19","guid":{"rendered":"http:\/\/lmsdemo.loc\/dark-lms\/?page_id=413"},"modified":"2023-10-01T19:29:14","modified_gmt":"2023-10-02T00:29:14","slug":"contacto","status":"publish","type":"page","link":"https:\/\/clickconexion.com\/en\/contacto\/","title":{"rendered":"Contact"},"content":{"rendered":"<div data-elementor-type=\"wp-page\" data-elementor-id=\"413\" class=\"elementor elementor-413\">\n\t\t\t\t\t\t<section class=\"elementor-section elementor-top-section elementor-element elementor-element-88f089e elementor-section-boxed elementor-section-height-default elementor-section-height-default\" data-id=\"88f089e\" data-element_type=\"section\" data-e-type=\"section\">\n\t\t\t\t\t\t<div class=\"elementor-container elementor-column-gap-default\">\n\t\t\t\t\t<div class=\"elementor-column elementor-col-100 elementor-top-column elementor-element elementor-element-8bbddad\" data-id=\"8bbddad\" data-element_type=\"column\" data-e-type=\"column\">\n\t\t\t<div class=\"elementor-widget-wrap elementor-element-populated\">\n\t\t\t\t\t\t<div class=\"elementor-element elementor-element-2bdacbb elementor-widget elementor-widget-text-editor\" data-id=\"2bdacbb\" data-element_type=\"widget\" data-e-type=\"widget\" data-widget_type=\"text-editor.default\">\n\t\t\t\t<div class=\"elementor-widget-container\">\n\t\t\t\t\t\t\t\t\t<h3><b>Contact us<\/b><\/h3>\n<p><span style=\"font-weight: 400;\">We want to know your opinion about our programs and services. Your suggestions are very important to us and we will take them into account to implement improvement actions and give you the best possible service.<\/span><\/p>\n\t\t\t\t\t\t\t\t<\/div>\n\t\t\t\t<\/div>\n\t\t\t\t\t<\/div>\n\t\t<\/div>\n\t\t\t\t\t<\/div>\n\t\t<\/section>\n\t\t\t\t<section class=\"elementor-section elementor-top-section elementor-element elementor-element-250741e elementor-section-stretched elementor-section-boxed elementor-section-height-default elementor-section-height-default\" data-id=\"250741e\" data-element_type=\"section\" data-e-type=\"section\" data-settings=\"{&quot;background_background&quot;:&quot;classic&quot;,&quot;stretch_section&quot;:&quot;section-stretched&quot;}\">\n\t\t\t\t\t\t<div class=\"elementor-container elementor-column-gap-default\">\n\t\t\t\t\t<div class=\"elementor-column elementor-col-50 elementor-top-column elementor-element elementor-element-25079f0 stm_icon_box_responsive\" data-id=\"25079f0\" data-element_type=\"column\" data-e-type=\"column\">\n\t\t\t<div class=\"elementor-widget-wrap elementor-element-populated\">\n\t\t\t\t\t\t<div class=\"elementor-element elementor-element-2507e35 elementor-widget elementor-widget-vc_custom_heading\" data-id=\"2507e35\" data-element_type=\"widget\" data-e-type=\"widget\" data-widget_type=\"vc_custom_heading.default\">\n\t\t\t\t<div class=\"elementor-widget-container\">\n\t\t\t\t\t<div class=\"vc_custom_heading  masterstudy_heading_font  text_align_left\" ><h3 style=\"text-align: left;font-weight:600\" class=\"masterstudy-custom-title\"><\/h3><\/div>\t\t\t\t<\/div>\n\t\t\t\t<\/div>\n\t\t\t\t<div class=\"elementor-element elementor-element-25081ec elementor-widget elementor-widget-stm_icon_box\" data-id=\"25081ec\" data-element_type=\"widget\" data-e-type=\"widget\" data-widget_type=\"stm_icon_box.default\">\n\t\t\t\t<div class=\"elementor-widget-container\">\n\t\t\t\t\t<style type=\"text\/css\">.module__e41271c176908f205f5a4cc76219694b {\n    background:#ffffff !important; color:#555555;\n}\n\n.module__e41271c176908f205f5a4cc76219694b .icon {\n    width:35px;\n}\n.module__e41271c176908f205f5a4cc76219694b .icon svg {\n\twidth: 35px;\n\theight: 35px;\n}\n.module__e41271c176908f205f5a4cc76219694b .icon svg,\n.module__e41271c176908f205f5a4cc76219694b .icon i {\n    font-size: 35px;\n    color: #eab830 !important;\n}\n.icon_alignment_top_left .module__e41271c176908f205f5a4cc76219694b {\n    text-align: left;\n}\n.icon_alignment_top_center .module__e41271c176908f205f5a4cc76219694b {\n    text-align: center;\n    margin-right: auto;\n    margin-left: auto;\n}\n.icon_alignment_top_right .module__e41271c176908f205f5a4cc76219694b {\n    text-align: right;\n    margin-right: 0;\n    margin-left: auto;\n}\n<\/style>\n\t<a\t\n\t\thref=\"#\" \n\t\ttitle=\"\"\n\t\t\t>\n\n\t<div class=\"icon_box masterstudy_elementor_icon_box  stm_icon_box_hover_none standart module__e41271c176908f205f5a4cc76219694b box_align_left clearfix\">\n\t\t<div class=\"icon_alignment_left\">\n\t\t\t\t\t\t\t<div class=\"icon module__e41271c176908f205f5a4cc76219694b\">\n\t\t\t\t\t\t\t\t\t\t\t<i class=\"fa-icon-stm_icon_pin-o\"><\/i>\n\t\t\t\t\t\t\t\t\t<\/div>\n\t\t\t\n\t\t\t<div class=\"icon_text\">\n\t\t\t\t\t\t\t\t\t<h5 style=\"color:#555555\">\n\t\t\t\t\t\tLocation:\t\t\t\t\t<\/h5>\n\t\t\t\t\t\t\t\t<p><p>Colombia<\/p><\/p>\t\t\t<\/div>\n\t\t<\/div> <!-- align icons -->\n\t<\/div>\n\n\t<\/a>\n\t\t\t\t<\/div>\n\t\t\t\t<\/div>\n\t\t\t\t<section class=\"elementor-section elementor-top-section elementor-element elementor-element-2508342 elementor-section-boxed elementor-section-height-default elementor-section-height-default\" data-id=\"2508342\" data-element_type=\"section\" data-e-type=\"section\" data-settings=\"{&quot;background_background&quot;:&quot;classic&quot;}\">\n\t\t\t\t\t\t<div class=\"elementor-container elementor-column-gap-no\">\n\t\t\t\t\t<div class=\"elementor-column elementor-col-100 elementor-top-column elementor-element elementor-element-2508766\" data-id=\"2508766\" data-element_type=\"column\" data-e-type=\"column\" data-settings=\"{&quot;background_background&quot;:&quot;classic&quot;}\">\n\t\t\t<div class=\"elementor-widget-wrap elementor-element-populated\">\n\t\t\t\t\t\t<div class=\"elementor-element elementor-element-2508b27 elementor-widget elementor-widget-stm_icon_box\" data-id=\"2508b27\" data-element_type=\"widget\" data-e-type=\"widget\" data-widget_type=\"stm_icon_box.default\">\n\t\t\t\t<div class=\"elementor-widget-container\">\n\t\t\t\t\t<style type=\"text\/css\">.module__dd0ed16b8517e8cccedf8976ffaf4d81 {\n    background:#ffffff !important; color:#555555;\n}\n\n.module__dd0ed16b8517e8cccedf8976ffaf4d81 .icon {\n    width:35px;\n}\n.module__dd0ed16b8517e8cccedf8976ffaf4d81 .icon svg {\n\twidth: 33px;\n\theight: 33px;\n}\n.module__dd0ed16b8517e8cccedf8976ffaf4d81 .icon svg,\n.module__dd0ed16b8517e8cccedf8976ffaf4d81 .icon i {\n    font-size: 33px;\n    color: #eab830 !important;\n}\n.icon_alignment_top_left .module__dd0ed16b8517e8cccedf8976ffaf4d81 {\n    text-align: left;\n}\n.icon_alignment_top_center .module__dd0ed16b8517e8cccedf8976ffaf4d81 {\n    text-align: center;\n    margin-right: auto;\n    margin-left: auto;\n}\n.icon_alignment_top_right .module__dd0ed16b8517e8cccedf8976ffaf4d81 {\n    text-align: right;\n    margin-right: 0;\n    margin-left: auto;\n}\n<\/style>\n\t<a\t\n\t\thref=\"#\" \n\t\ttitle=\"\"\n\t\t\t>\n\n\t<div class=\"icon_box masterstudy_elementor_icon_box  stm_icon_box_hover_none dark module__dd0ed16b8517e8cccedf8976ffaf4d81 box_align_left clearfix\">\n\t\t<div class=\"icon_alignment_left\">\n\t\t\t\t\t\t\t<div class=\"icon module__dd0ed16b8517e8cccedf8976ffaf4d81\">\n\t\t\t\t\t\t\t\t\t\t\t<i class=\"fa-icon-stm_icon_phone-o\"><\/i>\n\t\t\t\t\t\t\t\t\t<\/div>\n\t\t\t\n\t\t\t<div class=\"icon_text\">\n\t\t\t\t\t\t\t\t\t<h5 style=\"color:#555555\">\n\t\t\t\t\t\tPhone:\t\t\t\t\t<\/h5>\n\t\t\t\t\t\t\t\t<p><p><a href=\"tel:+57 300 6631575\">+57 300 6631575<\/a><\/p><\/p>\t\t\t<\/div>\n\t\t<\/div> <!-- align icons -->\n\t<\/div>\n\n\t<\/a>\n\t\t\t\t<\/div>\n\t\t\t\t<\/div>\n\t\t\t\t\t<\/div>\n\t\t<\/div>\n\t\t\t\t<div class=\"elementor-column elementor-col-100 elementor-top-column elementor-element elementor-element-2508c93 stm_sm_gutter_back\" data-id=\"2508c93\" data-element_type=\"column\" data-e-type=\"column\" data-settings=\"{&quot;background_background&quot;:&quot;classic&quot;}\">\n\t\t\t<div class=\"elementor-widget-wrap elementor-element-populated\">\n\t\t\t\t\t\t<div class=\"elementor-element elementor-element-2508fe7 elementor-widget elementor-widget-stm_icon_box\" data-id=\"2508fe7\" data-element_type=\"widget\" data-e-type=\"widget\" data-widget_type=\"stm_icon_box.default\">\n\t\t\t\t<div class=\"elementor-widget-container\">\n\t\t\t\t\t<style type=\"text\/css\">.module__119ec20eb1d73737225a541ba228d412 {\n    background:#ffffff !important; color:#555555;\n}\n\n.module__119ec20eb1d73737225a541ba228d412 .icon {\n    width:35px;\n}\n.module__119ec20eb1d73737225a541ba228d412 .icon svg {\n\twidth: 33px;\n\theight: 33px;\n}\n.module__119ec20eb1d73737225a541ba228d412 .icon svg,\n.module__119ec20eb1d73737225a541ba228d412 .icon i {\n    font-size: 33px;\n    color: #BB2323 !important;\n}\n.icon_alignment_top_left .module__119ec20eb1d73737225a541ba228d412 {\n    text-align: left;\n}\n.icon_alignment_top_center .module__119ec20eb1d73737225a541ba228d412 {\n    text-align: center;\n    margin-right: auto;\n    margin-left: auto;\n}\n.icon_alignment_top_right .module__119ec20eb1d73737225a541ba228d412 {\n    text-align: right;\n    margin-right: 0;\n    margin-left: auto;\n}\n<\/style>\n\t<a\t\n\t\thref=\"#\" \n\t\ttitle=\"\"\n\t\t\t>\n\n\t<div class=\"icon_box masterstudy_elementor_icon_box  stm_icon_box_hover_none dark module__119ec20eb1d73737225a541ba228d412 box_align_left clearfix\">\n\t\t<div class=\"icon_alignment_left\">\n\t\t\t\t\t\t\t<div class=\"icon module__119ec20eb1d73737225a541ba228d412\">\n\t\t\t\t\t\t\t\t\t\t\t<i class=\"fab fa-instagram\"><\/i>\n\t\t\t\t\t\t\t\t\t<\/div>\n\t\t\t\n\t\t\t<div class=\"icon_text\">\n\t\t\t\t\t\t\t\t\t<h5 style=\"color:#555555\">\n\t\t\t\t\t\tInstagram:\t\t\t\t\t<\/h5>\n\t\t\t\t\t\t\t\t<p><p><a href=\"https:\/\/www.instagram.com\/click.conexion\/\"><span style=\"font-weight: 400;\">click.connection<\/span><\/a><\/p><\/p>\t\t\t<\/div>\n\t\t<\/div> <!-- align icons -->\n\t<\/div>\n\n\t<\/a>\n\t\t\t\t<\/div>\n\t\t\t\t<\/div>\n\t\t\t\t<div class=\"elementor-element elementor-element-2106245 elementor-widget elementor-widget-stm_icon_box\" data-id=\"2106245\" data-element_type=\"widget\" data-e-type=\"widget\" data-widget_type=\"stm_icon_box.default\">\n\t\t\t\t<div class=\"elementor-widget-container\">\n\t\t\t\t\t<style type=\"text\/css\">.module__2c5a48e26088ba3c5cfb053726845190 {\n    background:#ffffff !important; color:#555555;\n}\n\n.module__2c5a48e26088ba3c5cfb053726845190 .icon {\n    width:35px;\n}\n.module__2c5a48e26088ba3c5cfb053726845190 .icon svg {\n\twidth: 33px;\n\theight: 33px;\n}\n.module__2c5a48e26088ba3c5cfb053726845190 .icon svg,\n.module__2c5a48e26088ba3c5cfb053726845190 .icon i {\n    font-size: 33px;\n    color: #5656A0 !important;\n}\n.icon_alignment_top_left .module__2c5a48e26088ba3c5cfb053726845190 {\n    text-align: left;\n}\n.icon_alignment_top_center .module__2c5a48e26088ba3c5cfb053726845190 {\n    text-align: center;\n    margin-right: auto;\n    margin-left: auto;\n}\n.icon_alignment_top_right .module__2c5a48e26088ba3c5cfb053726845190 {\n    text-align: right;\n    margin-right: 0;\n    margin-left: auto;\n}\n<\/style>\n\t<a\t\n\t\thref=\"#\" \n\t\ttitle=\"\"\n\t\t\t>\n\n\t<div class=\"icon_box masterstudy_elementor_icon_box  stm_icon_box_hover_none dark module__2c5a48e26088ba3c5cfb053726845190 box_align_left clearfix\">\n\t\t<div class=\"icon_alignment_left\">\n\t\t\t\t\t\t\t<div class=\"icon module__2c5a48e26088ba3c5cfb053726845190\">\n\t\t\t\t\t\t\t\t\t\t\t<i class=\"fab fa-facebook-square\"><\/i>\n\t\t\t\t\t\t\t\t\t<\/div>\n\t\t\t\n\t\t\t<div class=\"icon_text\">\n\t\t\t\t\t\t\t\t\t<h5 style=\"color:#555555\">\n\t\t\t\t\t\tFacebook:\t\t\t\t\t<\/h5>\n\t\t\t\t\t\t\t\t<p><p><a href=\"https:\/\/www.facebook.com\/clickconexionx\"><span style=\"font-weight: 400;\">clickconnectionx<\/span><\/a><\/p><\/p>\t\t\t<\/div>\n\t\t<\/div> <!-- align icons -->\n\t<\/div>\n\n\t<\/a>\n\t\t\t\t<\/div>\n\t\t\t\t<\/div>\n\t\t\t\t\t<\/div>\n\t\t<\/div>\n\t\t\t\t\t<\/div>\n\t\t<\/section>\n\t\t\t\t<section class=\"elementor-section elementor-top-section elementor-element elementor-element-2509128 elementor-section-boxed elementor-section-height-default elementor-section-height-default\" data-id=\"2509128\" data-element_type=\"section\" data-e-type=\"section\" data-settings=\"{&quot;background_background&quot;:&quot;classic&quot;}\">\n\t\t\t\t\t\t<div class=\"elementor-container elementor-column-gap-no\">\n\t\t\t\t\t<div class=\"elementor-column elementor-col-100 elementor-top-column elementor-element elementor-element-25095d9\" data-id=\"25095d9\" data-element_type=\"column\" data-e-type=\"column\" data-settings=\"{&quot;background_background&quot;:&quot;classic&quot;}\">\n\t\t\t<div class=\"elementor-widget-wrap elementor-element-populated\">\n\t\t\t\t\t\t<div class=\"elementor-element elementor-element-25099e6 elementor-widget elementor-widget-stm_icon_box\" data-id=\"25099e6\" data-element_type=\"widget\" data-e-type=\"widget\" data-widget_type=\"stm_icon_box.default\">\n\t\t\t\t<div class=\"elementor-widget-container\">\n\t\t\t\t\t<style type=\"text\/css\">.module__8425b489f4d03fac23b93fd0a183b4ce {\n    background:#ffffff !important; color:#555555;\n}\n\n.module__8425b489f4d03fac23b93fd0a183b4ce .icon {\n    width:35px;\n}\n.module__8425b489f4d03fac23b93fd0a183b4ce .icon svg {\n\twidth: 22px;\n\theight: 22px;\n}\n.module__8425b489f4d03fac23b93fd0a183b4ce .icon svg,\n.module__8425b489f4d03fac23b93fd0a183b4ce .icon i {\n    font-size: 22px;\n    color: #eab830 !important;\n}\n.icon_alignment_top_left .module__8425b489f4d03fac23b93fd0a183b4ce {\n    text-align: left;\n}\n.icon_alignment_top_center .module__8425b489f4d03fac23b93fd0a183b4ce {\n    text-align: center;\n    margin-right: auto;\n    margin-left: auto;\n}\n.icon_alignment_top_right .module__8425b489f4d03fac23b93fd0a183b4ce {\n    text-align: right;\n    margin-right: 0;\n    margin-left: auto;\n}\n<\/style>\n\t<a\t\n\t\thref=\"#\" \n\t\ttitle=\"\"\n\t\t\t>\n\n\t<div class=\"icon_box masterstudy_elementor_icon_box  stm_icon_box_hover_none dark module__8425b489f4d03fac23b93fd0a183b4ce box_align_left clearfix\">\n\t\t<div class=\"icon_alignment_left\">\n\t\t\t\t\t\t\t<div class=\"icon module__8425b489f4d03fac23b93fd0a183b4ce\">\n\t\t\t\t\t\t\t\t\t\t\t<i class=\"fa-icon-stm_icon_mail-o\"><\/i>\n\t\t\t\t\t\t\t\t\t<\/div>\n\t\t\t\n\t\t\t<div class=\"icon_text\">\n\t\t\t\t\t\t\t\t\t<h5 style=\"color:#555555\">\n\t\t\t\t\t\tE-mail:\t\t\t\t\t<\/h5>\n\t\t\t\t\t\t\t\t<p><p><a href=\"mailto:info@clickconexion.com\"><span style=\"font-weight: 400;\">info@clickconexion.com<\/span><\/a><\/p><\/p>\t\t\t<\/div>\n\t\t<\/div> <!-- align icons -->\n\t<\/div>\n\n\t<\/a>\n\t\t\t\t<\/div>\n\t\t\t\t<\/div>\n\t\t\t\t\t<\/div>\n\t\t<\/div>\n\t\t\t\t<div class=\"elementor-column elementor-col-100 elementor-top-column elementor-element elementor-element-2509b26 stm_sm_gutter_back\" data-id=\"2509b26\" data-element_type=\"column\" data-e-type=\"column\" data-settings=\"{&quot;background_background&quot;:&quot;classic&quot;}\">\n\t\t\t<div class=\"elementor-widget-wrap elementor-element-populated\">\n\t\t\t\t\t\t<div class=\"elementor-element elementor-element-2509ecd elementor-widget elementor-widget-stm_icon_box\" data-id=\"2509ecd\" data-element_type=\"widget\" data-e-type=\"widget\" data-widget_type=\"stm_icon_box.default\">\n\t\t\t\t<div class=\"elementor-widget-container\">\n\t\t\t\t\t<style type=\"text\/css\">.module__90631a32da7ec83103444129498ec4cc {\n    background:#ffffff !important; color:#555555;\n}\n\n.module__90631a32da7ec83103444129498ec4cc .icon {\n    width:35px;\n}\n.module__90631a32da7ec83103444129498ec4cc .icon svg {\n\twidth: 33px;\n\theight: 33px;\n}\n.module__90631a32da7ec83103444129498ec4cc .icon svg,\n.module__90631a32da7ec83103444129498ec4cc .icon i {\n    font-size: 33px;\n    color: #eab830 !important;\n}\n.icon_alignment_top_left .module__90631a32da7ec83103444129498ec4cc {\n    text-align: left;\n}\n.icon_alignment_top_center .module__90631a32da7ec83103444129498ec4cc {\n    text-align: center;\n    margin-right: auto;\n    margin-left: auto;\n}\n.icon_alignment_top_right .module__90631a32da7ec83103444129498ec4cc {\n    text-align: right;\n    margin-right: 0;\n    margin-left: auto;\n}\n<\/style>\n\t<a\t\n\t\thref=\"#\" \n\t\ttitle=\"\"\n\t\t\t>\n\n\t<div class=\"icon_box masterstudy_elementor_icon_box  stm_icon_box_hover_none dark module__90631a32da7ec83103444129498ec4cc box_align_left clearfix\">\n\t\t<div class=\"icon_alignment_left\">\n\t\t\t\t\t\t\t<div class=\"icon module__90631a32da7ec83103444129498ec4cc\">\n\t\t\t\t\t\t\t\t\t\t\t<i class=\"fa-icon-stm_icon_earth\"><\/i>\n\t\t\t\t\t\t\t\t\t<\/div>\n\t\t\t\n\t\t\t<div class=\"icon_text\">\n\t\t\t\t\t\t\t\t\t<h5 style=\"color:#555555\">\n\t\t\t\t\t\tWeb:\t\t\t\t\t<\/h5>\n\t\t\t\t\t\t\t\t<p><p><a href=\"https:\/\/clickconexion.com\/en\/\">clickconnection.com<\/a><\/p><\/p>\t\t\t<\/div>\n\t\t<\/div> <!-- align icons -->\n\t<\/div>\n\n\t<\/a>\n\t\t\t\t<\/div>\n\t\t\t\t<\/div>\n\t\t\t\t\t<\/div>\n\t\t<\/div>\n\t\t\t\t\t<\/div>\n\t\t<\/section>\n\t\t\t\t\t<\/div>\n\t\t<\/div>\n\t\t\t\t<div class=\"elementor-column elementor-col-50 elementor-top-column elementor-element elementor-element-250a080\" data-id=\"250a080\" data-element_type=\"column\" data-e-type=\"column\">\n\t\t\t<div class=\"elementor-widget-wrap elementor-element-populated\">\n\t\t\t\t\t\t<div class=\"elementor-element elementor-element-250a84a elementor-widget elementor-widget-vc_custom_heading\" data-id=\"250a84a\" data-element_type=\"widget\" data-e-type=\"widget\" data-widget_type=\"vc_custom_heading.default\">\n\t\t\t\t<div class=\"elementor-widget-container\">\n\t\t\t\t\t<div class=\"vc_custom_heading  masterstudy_heading_font  text_align_left\" ><h3 style=\"text-align: left;font-weight:600\" class=\"masterstudy-custom-title\"><\/h3><\/div>\t\t\t\t<\/div>\n\t\t\t\t<\/div>\n\t\t\t\t<div class=\"elementor-element elementor-element-250aa85 elementor-widget elementor-widget-google_maps\" data-id=\"250aa85\" data-element_type=\"widget\" data-e-type=\"widget\" data-widget_type=\"google_maps.default\">\n\t\t\t\t<div class=\"elementor-widget-container\">\n\t\t\t\t\t\t\t<div class=\"elementor-custom-embed\">\n\t\t\t<iframe loading=\"lazy\"\n\t\t\t\t\tsrc=\"https:\/\/maps.google.com\/maps?q=Santiago%20de%20Cali&#038;t=m&#038;z=12&#038;output=embed&#038;iwloc=near\"\n\t\t\t\t\ttitle=\"Santiago from cali\"\n\t\t\t\t\taria-label=\"Santiago from cali\"\n\t\t\t><\/iframe>\n\t\t<\/div>\n\t\t\t\t\t\t<\/div>\n\t\t\t\t<\/div>\n\t\t\t\t\t<\/div>\n\t\t<\/div>\n\t\t\t\t\t<\/div>\n\t\t<\/section>\n\t\t\t\t<\/div>","protected":false},"excerpt":{"rendered":"<p>Contact us. We want to hear your opinion about our programs and services. Your suggestions are very important to us, and we will take them into account to implement improvements and provide you with the best possible service. Location: Colombia Phone: +57 300 6631575 Instagram: click.conexion Facebook: clickconexionx Email: info@clickconexion.com Web: clickconexion.com<\/p>","protected":false},"author":1,"featured_media":0,"parent":0,"menu_order":0,"comment_status":"closed","ping_status":"closed","template":"","meta":{"_ppp_document_settings_meta":"","_joinchat":[],"footnotes":""},"class_list":["post-413","page","type-page","status-publish","hentry"],"yoast_head":"<!-- This site is optimized with the Yoast SEO plugin v25.5 - https:\/\/yoast.com\/wordpress\/plugins\/seo\/ -->\n<title>Contacto - Click Conexi\u00f3n<\/title>\n<meta name=\"robots\" content=\"index, follow, max-snippet:-1, max-image-preview:large, max-video-preview:-1\" \/>\n<link rel=\"canonical\" href=\"https:\/\/clickconexion.com\/en\/contacto\/\" \/>\n<meta property=\"og:locale\" content=\"en_US\" \/>\n<meta property=\"og:type\" content=\"article\" \/>\n<meta property=\"og:title\" content=\"Contacto - Click Conexi\u00f3n\" \/>\n<meta property=\"og:description\" content=\"Comun\u00edcate con nosotros Queremos conocer tu opini\u00f3n sobre nuestros programas y servicios. Tus sugerencias son muy importantes para nosotros y las tendremos en cuenta para implementar acciones de mejora y prestarte la mejor atenci\u00f3n posible. Ubicaci\u00f3n: Colombia Tel\u00e9fono: +57 300 6631575 Instagram: click.conexion Facebook: clickconexionx Email: info@clickconexion.com Web: clickconexion.com\" \/>\n<meta property=\"og:url\" content=\"https:\/\/clickconexion.com\/en\/contacto\/\" \/>\n<meta property=\"og:site_name\" content=\"Click Conexi\u00f3n\" \/>\n<meta property=\"article:publisher\" content=\"https:\/\/www.facebook.com\/clickconexionx\" \/>\n<meta property=\"article:modified_time\" content=\"2023-10-02T00:29:14+00:00\" \/>\n<meta property=\"og:image\" content=\"https:\/\/clickconexion.com\/wp-content\/uploads\/2023\/08\/Referido2.jpg\" \/>\n\t<meta property=\"og:image:width\" content=\"626\" \/>\n\t<meta property=\"og:image:height\" content=\"352\" \/>\n\t<meta property=\"og:image:type\" content=\"image\/jpeg\" \/>\n<meta name=\"twitter:card\" content=\"summary_large_image\" \/>\n<meta name=\"twitter:site\" content=\"@clickconexion_\" \/>\n<script type=\"application\/ld+json\" class=\"yoast-schema-graph\">{\"@context\":\"https:\/\/schema.org\",\"@graph\":[{\"@type\":\"WebPage\",\"@id\":\"https:\/\/clickconexion.com\/contacto\/\",\"url\":\"https:\/\/clickconexion.com\/contacto\/\",\"name\":\"Contacto - Click Conexi\u00f3n\",\"isPartOf\":{\"@id\":\"https:\/\/clickconexion.com\/#website\"},\"datePublished\":\"2018-07-26T17:16:19+00:00\",\"dateModified\":\"2023-10-02T00:29:14+00:00\",\"breadcrumb\":{\"@id\":\"https:\/\/clickconexion.com\/contacto\/#breadcrumb\"},\"inLanguage\":\"en-US\",\"potentialAction\":[{\"@type\":\"ReadAction\",\"target\":[\"https:\/\/clickconexion.com\/contacto\/\"]}]},{\"@type\":\"BreadcrumbList\",\"@id\":\"https:\/\/clickconexion.com\/contacto\/#breadcrumb\",\"itemListElement\":[{\"@type\":\"ListItem\",\"position\":1,\"name\":\"Portada\",\"item\":\"https:\/\/clickconexion.com\/\"},{\"@type\":\"ListItem\",\"position\":2,\"name\":\"Contacto\"}]},{\"@type\":\"WebSite\",\"@id\":\"https:\/\/clickconexion.com\/#website\",\"url\":\"https:\/\/clickconexion.com\/\",\"name\":\"Click Conexi\u00f3n\",\"description\":\"Herramientas para el futuro, cursos, capacitaciones y entrenamiento.\",\"publisher\":{\"@id\":\"https:\/\/clickconexion.com\/#organization\"},\"alternateName\":\"ClickConexion\",\"potentialAction\":[{\"@type\":\"SearchAction\",\"target\":{\"@type\":\"EntryPoint\",\"urlTemplate\":\"https:\/\/clickconexion.com\/?s={search_term_string}\"},\"query-input\":{\"@type\":\"PropertyValueSpecification\",\"valueRequired\":true,\"valueName\":\"search_term_string\"}}],\"inLanguage\":\"en-US\"},{\"@type\":\"Organization\",\"@id\":\"https:\/\/clickconexion.com\/#organization\",\"name\":\"Click Conexi\u00f3n\",\"alternateName\":\"ClickConexion\",\"url\":\"https:\/\/clickconexion.com\/\",\"logo\":{\"@type\":\"ImageObject\",\"inLanguage\":\"en-US\",\"@id\":\"https:\/\/clickconexion.com\/#\/schema\/logo\/image\/\",\"url\":\"https:\/\/clickconexion.com\/wp-content\/uploads\/2023\/08\/cropped-favicon-1-1-511x511.png\",\"contentUrl\":\"https:\/\/clickconexion.com\/wp-content\/uploads\/2023\/08\/cropped-favicon-1-1-511x511.png\",\"width\":512,\"height\":512,\"caption\":\"Click Conexi\u00f3n\"},\"image\":{\"@id\":\"https:\/\/clickconexion.com\/#\/schema\/logo\/image\/\"},\"sameAs\":[\"https:\/\/www.facebook.com\/clickconexionx\",\"https:\/\/x.com\/clickconexion_\"]}]}<\/script>\n<!-- \/ Yoast SEO plugin. -->","yoast_head_json":{"title":"Contact - Click Connection","robots":{"index":"index","follow":"follow","max-snippet":"max-snippet:-1","max-image-preview":"max-image-preview:large","max-video-preview":"max-video-preview:-1"},"canonical":"https:\/\/clickconexion.com\/en\/contacto\/","og_locale":"en_US","og_type":"article","og_title":"Contacto - Click Conexi\u00f3n","og_description":"Comun\u00edcate con nosotros Queremos conocer tu opini\u00f3n sobre nuestros programas y servicios. Tus sugerencias son muy importantes para nosotros y las tendremos en cuenta para implementar acciones de mejora y prestarte la mejor atenci\u00f3n posible. Ubicaci\u00f3n: Colombia Tel\u00e9fono: +57 300 6631575 Instagram: click.conexion Facebook: clickconexionx Email: info@clickconexion.com Web: clickconexion.com","og_url":"https:\/\/clickconexion.com\/en\/contacto\/","og_site_name":"Click Conexi\u00f3n","article_publisher":"https:\/\/www.facebook.com\/clickconexionx","article_modified_time":"2023-10-02T00:29:14+00:00","og_image":[{"width":626,"height":352,"url":"https:\/\/clickconexion.com\/wp-content\/uploads\/2023\/08\/Referido2.jpg","type":"image\/jpeg"}],"twitter_card":"summary_large_image","twitter_site":"@clickconexion_","schema":{"@context":"https:\/\/schema.org","@graph":[{"@type":"WebPage","@id":"https:\/\/clickconexion.com\/contacto\/","url":"https:\/\/clickconexion.com\/contacto\/","name":"Contact - Click Connection","isPartOf":{"@id":"https:\/\/clickconexion.com\/#website"},"datePublished":"2018-07-26T17:16:19+00:00","dateModified":"2023-10-02T00:29:14+00:00","breadcrumb":{"@id":"https:\/\/clickconexion.com\/contacto\/#breadcrumb"},"inLanguage":"en-US","potentialAction":[{"@type":"ReadAction","target":["https:\/\/clickconexion.com\/contacto\/"]}]},{"@type":"BreadcrumbList","@id":"https:\/\/clickconexion.com\/contacto\/#breadcrumb","itemListElement":[{"@type":"ListItem","position":1,"name":"Portada","item":"https:\/\/clickconexion.com\/"},{"@type":"ListItem","position":2,"name":"Contacto"}]},{"@type":"WebSite","@id":"https:\/\/clickconexion.com\/#website","url":"https:\/\/clickconexion.com\/","name":"Click Connection","description":"Tools for the future, courses, training and training.","publisher":{"@id":"https:\/\/clickconexion.com\/#organization"},"alternateName":"ClickConexion","potentialAction":[{"@type":"SearchAction","target":{"@type":"EntryPoint","urlTemplate":"https:\/\/clickconexion.com\/?s={search_term_string}"},"query-input":{"@type":"PropertyValueSpecification","valueRequired":true,"valueName":"search_term_string"}}],"inLanguage":"en-US"},{"@type":"Organization","@id":"https:\/\/clickconexion.com\/#organization","name":"Click Connection","alternateName":"ClickConexion","url":"https:\/\/clickconexion.com\/","logo":{"@type":"ImageObject","inLanguage":"en-US","@id":"https:\/\/clickconexion.com\/#\/schema\/logo\/image\/","url":"https:\/\/clickconexion.com\/wp-content\/uploads\/2023\/08\/cropped-favicon-1-1-511x511.png","contentUrl":"https:\/\/clickconexion.com\/wp-content\/uploads\/2023\/08\/cropped-favicon-1-1-511x511.png","width":512,"height":512,"caption":"Click Conexi\u00f3n"},"image":{"@id":"https:\/\/clickconexion.com\/#\/schema\/logo\/image\/"},"sameAs":["https:\/\/www.facebook.com\/clickconexionx","https:\/\/x.com\/clickconexion_"]}]}},"_links":{"self":[{"href":"https:\/\/clickconexion.com\/en\/wp-json\/wp\/v2\/pages\/413","targetHints":{"allow":["GET"]}}],"collection":[{"href":"https:\/\/clickconexion.com\/en\/wp-json\/wp\/v2\/pages"}],"about":[{"href":"https:\/\/clickconexion.com\/en\/wp-json\/wp\/v2\/types\/page"}],"author":[{"embeddable":true,"href":"https:\/\/clickconexion.com\/en\/wp-json\/wp\/v2\/users\/1"}],"replies":[{"embeddable":true,"href":"https:\/\/clickconexion.com\/en\/wp-json\/wp\/v2\/comments?post=413"}],"version-history":[{"count":46,"href":"https:\/\/clickconexion.com\/en\/wp-json\/wp\/v2\/pages\/413\/revisions"}],"predecessor-version":[{"id":28501,"href":"https:\/\/clickconexion.com\/en\/wp-json\/wp\/v2\/pages\/413\/revisions\/28501"}],"wp:attachment":[{"href":"https:\/\/clickconexion.com\/en\/wp-json\/wp\/v2\/media?parent=413"}],"curies":[{"name":"wp","href":"https:\/\/api.w.org\/{rel}","templated":true}]}}